{"id":25573,"date":"2024-12-24T08:38:58","date_gmt":"2024-12-24T08:38:58","guid":{"rendered":"https:\/\/praxistrade.eu\/product\/ekologisk-akaciahonung-med-ekologisk-aroniabarspread-230-g\/"},"modified":"2024-12-24T08:38:58","modified_gmt":"2024-12-24T08:38:58","slug":"ekologisk-akaciahonung-med-ekologisk-aroniabarspread-230-g","status":"publish","type":"product","link":"https:\/\/praxistrade.eu\/sv\/produkt\/ekologisk-akaciahonung-med-ekologisk-aroniabarspread-230-g\/","title":{"rendered":"Ekologisk akaciahonung med ekologisk aroniab\u00e4rspread, 230 g"},"content":{"rendered":"<p><b>Om detta objekt<\/b><span style=\"font-weight: 400;\">:<\/span><\/p>\n<p><span style=\"font-weight: 400;\">Artikelvikten \u00e4r 230g inte 400g<\/span><\/p>\n<p><span style=\"font-weight: 400;\"><strong>Vikt f\u00f6r artikelf\u00f6rpackning:<\/strong> 400g<\/span><\/p>\n<p><span style=\"font-weight: 400;\"><strong>Typ av honung:<\/strong> Akacia<\/span><\/p>\n<ul>\n<li style=\"font-weight: 400;\" aria-level=\"1\"><span style=\"font-weight: 400;\">Uts\u00f6kt ekologisk honungsspread &#8211; L\u00e5t dig f\u00f6rtrollas av den makal\u00f6sa kombinationen av 70% ekologisk akaciahonung och 20% ekologiska aroniab\u00e4r &#8211; en touch av lyx i din vardag.<\/span><\/li>\n<li style=\"font-weight: 400;\" aria-level=\"1\"><b>Unik metod f\u00f6r kallbearbetning<\/b><span style=\"font-weight: 400;\"> &#8211; I v\u00e5r speciella l\u00e5gtemperaturprocess dehydratiseras blandningen av honung och aroniab\u00e4r f\u00f6rsiktigt vid temperaturer under 38\u00b0C. Det efterliknar det naturliga s\u00e4tt p\u00e5 vilket bin skapar honung och bevarar enzymer, antioxidanter och n\u00e4rings\u00e4mnen f\u00f6r maximala h\u00e4lsof\u00f6rdelar och smak. <\/span><\/li>\n<li style=\"font-weight: 400;\" aria-level=\"1\"><span style=\"font-weight: 400;\">100% ekologisk, 100% smak &#8211; Tillverkad av h\u00f6gkvalitativa, ekologiska ingredienser och f\u00f6rsiktigt bearbetad under 38\u00b0C f\u00f6r att bevara den fulla aromen och v\u00e4rdefulla n\u00e4rings\u00e4mnen.<\/span><\/li>\n<li style=\"font-weight: 400;\" aria-level=\"1\"><span style=\"font-weight: 400;\">Din perfekta start p\u00e5 dagen &#8211; Ge din frukost det d\u00e4r lilla extra med denna kr\u00e4miga ekologiska spread &#8211; perfekt till br\u00f6d, croissanter eller yoghurt.<\/span><\/li>\n<li style=\"font-weight: 400;\" aria-level=\"1\"><span style=\"font-weight: 400;\">Sm\u00e4ltande mjuk konsistens &#8211; Njut av en sammetslen konsistens som sprider sig utan anstr\u00e4ngning och f\u00f6rvandlar varje m\u00e5ltid till en gourmetupplevelse.<\/span><\/li>\n<li style=\"font-weight: 400;\" aria-level=\"1\"><span style=\"font-weight: 400;\">\u00c4rlig och naturlig &#8211; Detta ekologiska p\u00e5l\u00e4gg \u00e4r fritt fr\u00e5n artificiella tillsatser och erbjuder en ren njutning som du kan lita p\u00e5 &#8211; perfekt f\u00f6r medvetna finsmakare.<\/span><\/li>\n<li style=\"font-weight: 400;\" aria-level=\"1\"><span style=\"font-weight: 400;\">F\u00f6r kreativa njutningsid\u00e9er &#8211; Oavsett om det \u00e4r som en h\u00f6jdpunkt i bakverk, p\u00e5 osttallrikar eller som en raffinerad ingrediens i desserter &#8211; denna spridning inspirerar till nya smakskapelser.<\/span><\/li>\n<li style=\"font-weight: 400;\" aria-level=\"1\"><span style=\"font-weight: 400;\">Sk\u00e4m bort dina smakl\u00f6kar &#8211; Den balanserade smaken fr\u00e5n den s\u00f6ta tonen av honung och den l\u00e4tt bittra s\u00f6tman fr\u00e5n aroniab\u00e4ren garanterar en sann smakupplevelse.<\/span><\/li>\n<li style=\"font-weight: 400;\" aria-level=\"1\"><span style=\"font-weight: 400;\">MELINIS: Ditt f\u00f6rtroende f\u00f6r ekologisk kvalitet &#8211; Lita p\u00e5 Melinis och njut av h\u00f6gkvalitativa ekologiska produkter som tillverkas med omsorg f\u00f6r att ge dig speciella stunder av njutning.<\/span><\/li>\n<\/ul>\n<h3><strong>Produktinformation:<\/strong><\/h3>\n<p><span style=\"font-weight: 400;\"><strong>Region av ursprung:<\/strong> EU &#8211; Rum\u00e4nie<\/span><\/p>\n<p><span style=\"font-weight: 400;\"><strong>Tillverkare:<\/strong> Atelierele Melinis SRL<\/span><\/p>\n<p><span style=\"font-weight: 400;\"><strong>F\u00f6rem\u00e5lets form:<\/strong> Glas<\/span><\/p>\n<h3><strong>M\u00e4tningar:<\/strong><\/h3>\n<p><span style=\"font-weight: 400;\"><strong>Artikelf\u00f6rpackning:<\/strong> 230g<\/span><\/p>\n<p><span style=\"font-weight: 400;\"><strong>F\u00f6rpackningens vikt:<\/strong> 400g <\/span><b>inte<\/b><span style=\"font-weight: 400;\"> Artikelns vikt<\/span><\/p>\n<p><span style=\"font-weight: 400;\"><strong>M\u00e5tt:<\/strong> 6,3 cm x 6,3 cm x 8,0 cm<\/span><\/p>\n<h3><b>Produktbeskrivning<\/b><\/h3>\n<p><span style=\"font-weight: 400;\">Melinis Aronia kombinerar r\u00e5, ekologisk akaciahonung med den rika, syrliga smaken av aroniab\u00e4r. Med sin djupa rubinr\u00f6da nyans och s\u00f6tsliskiga smak \u00e4r aroniab\u00e4r k\u00e4nda f\u00f6r sitt exceptionella inneh\u00e5ll av antioxidanter och h\u00f6ga halter av vitamin A, B, C, E, K och P. <\/span><\/p>\n<p><span style=\"font-weight: 400;\">Med hj\u00e4lp av en unik kallbearbetningsmetod bevarar Melinis Aronia de naturliga n\u00e4rings\u00e4mnena och antioxidanterna i sina ingredienser. Detta m\u00e5ngsidiga p\u00e5l\u00e4gg erbjuder ett smakfullt s\u00e4tt att st\u00f6dja din h\u00e4lsa samtidigt som du njuter av dina smakl\u00f6kar. <\/span><\/p>\n<p><span style=\"font-weight: 400;\">P\u00e5 Melinis \u00e4r vi stolta \u00f6ver v\u00e5r unika produktionsprocess, som \u00e4r inspirerad av binas naturliga arbete i bikupan. Precis som bin ventilerar sin honung f\u00f6r att minska vatteninneh\u00e5llet, blandar vi f\u00f6rsiktigt r\u00e5a frukter med honung och bearbetar denna blandning med hj\u00e4lp av specialdesignad utrustning som kallas homogenisatorer. Dessa maskiner h\u00e5ller en kontrollerad temperatur p\u00e5 35-38\u00b0C och anv\u00e4nder str\u00f6mmar av mycket torr luft f\u00f6r att avdunsta vattnet fr\u00e5n blandningen under en period p\u00e5 2-4 veckor. Denna l\u00e5ngsamma och noggranna metod bevarar frukterna i deras n\u00e4stan naturliga tillst\u00e5nd, utan kokning eller past\u00f6risering, vilket garanterar maximalt n\u00e4ringsv\u00e4rde och autentisk smak i varje burk.   <\/span><\/p>\n<h3><b>F\u00f6rslag p\u00e5 anv\u00e4ndning:<\/b><\/h3>\n<p><span style=\"font-weight: 400;\">Njut av <\/span><b>Melinis Aronia kr\u00e4m<\/b><span style=\"font-weight: 400;\"> som p\u00e5l\u00e4gg p\u00e5 rostat br\u00f6d, pannkakor eller v\u00e5fflor, eller r\u00f6r ner den i yoghurt f\u00f6r ett n\u00e4ringsrikt mellanm\u00e5l. Den unika s\u00f6tbittra smaken passar utm\u00e4rkt till ostar, flingor eller som topping p\u00e5 desserter. Det \u00e4r ocks\u00e5 en uts\u00f6kt och h\u00e4lsosam godbit direkt fr\u00e5n burken  <\/span><\/p>\n<h3><b>Varf\u00f6r v\u00e4lja Melinis Aronia?<\/b><\/h3>\n<p><span style=\"font-weight: 400;\">Aroniab\u00e4r \u00e4r en av de rikaste k\u00e4llorna till antioxidanter bland frukter. N\u00e4r de blandas med r\u00e5, ekologisk honung skapar de ett n\u00e4ringsrikt p\u00e5l\u00e4gg som st\u00f6der immunf\u00f6rsvaret, skyddar mot oxidativ stress och ger en smakrik gourmetupplevelse. <\/span><\/p>\n<h3><b>Upplev den s\u00f6tbittra elegansen hos Aroniab\u00e4r<\/b><\/h3>\n<p><span style=\"font-weight: 400;\">L\u00e4gg till <\/span><b>Melinis Aronia<\/b><span style=\"font-weight: 400;\"> till din kundvagn nu och njut av h\u00e4lsof\u00f6rdelarna och gourmetsmaken av denna kallbearbetade, hantverksm\u00e4ssiga delikatess!<\/span><\/p>\n<h3><b>S\u00e4kerhet<\/b><\/h3>\n<p><span style=\"font-weight: 400;\">Eftersom vi anv\u00e4nder r\u00e5 honung rekommenderas den inte f\u00f6r barn under 12 m\u00e5nader. <\/span><\/p>\n<h3><b>Instruktioner f\u00f6r f\u00f6rvaring<\/b><span style=\"font-weight: 400;\">:<\/span><\/h3>\n<p><span style=\"font-weight: 400;\">F\u00f6rvaras, \u00e4ven efter \u00f6ppnandet, p\u00e5 en torr plats, skyddad fr\u00e5n direkt solljus, i temperaturer mellan 18-25\u00b0C. Det \u00e4r inte n\u00f6dv\u00e4ndigt att f\u00f6rvara den i kylsk\u00e5p. <\/span><\/p>\n<h3><b>Ursprung och h\u00e5llbarhet<\/b><span style=\"font-weight: 400;\">:<\/span><\/h3>\n<p><span style=\"font-weight: 400;\">Melinis Aronia \u00e4r exklusivt producerad i Rum\u00e4nien och st\u00f6djer lokala ekologiska biodlare och h\u00e5llbar sk\u00f6rd av aroniab\u00e4r. Varje burk tillverkas med omsorg, i sm\u00e5 partier, f\u00f6r att bevara renheten och kvaliteten hos varje ingrediens <\/span><\/p>\n","protected":false},"excerpt":{"rendered":"<p><span style=\"font-weight: 400;\">Antioxidant, unik kallbearbetad delikatess, aromatisk och m\u00e5ngsidig, perfekt f\u00f6r frukost, snacks och desserter &#8211; by Melinis<\/span><\/p>\n<p><b>Ingredienser<\/b><span style=\"font-weight: 400;\">: <\/span><span style=\"font-weight: 400;\">Ekologisk akaciahonung* 70%, ekologiska r\u00e5a aroniab\u00e4r* 20%, ekologisk havtorn* 10%; <\/span><\/p>\n<p><span style=\"font-weight: 400;\">*fr\u00e5n Rum\u00e4nien<\/span><\/p>\n<p><b>Typ av diet: <\/b><span style=\"font-weight: 400;\">Vegetarisk, V\u00e4xtbaserad, Glutenfri<\/span><\/p>\n","protected":false},"featured_media":24954,"comment_status":"open","ping_status":"closed","template":"","meta":[],"product_brand":[],"product_cat":[1200],"product_tag":[],"class_list":{"0":"post-25573","1":"product","2":"type-product","3":"status-publish","4":"has-post-thumbnail","6":"product_cat-melinis-sv","8":"first","9":"instock","10":"shipping-taxable","11":"purchasable","12":"product-type-simple"},"_links":{"self":[{"href":"https:\/\/praxistrade.eu\/sv\/wp-json\/wp\/v2\/product\/25573","targetHints":{"allow":["GET"]}}],"collection":[{"href":"https:\/\/praxistrade.eu\/sv\/wp-json\/wp\/v2\/product"}],"about":[{"href":"https:\/\/praxistrade.eu\/sv\/wp-json\/wp\/v2\/types\/product"}],"replies":[{"embeddable":true,"href":"https:\/\/praxistrade.eu\/sv\/wp-json\/wp\/v2\/comments?post=25573"}],"wp:featuredmedia":[{"embeddable":true,"href":"https:\/\/praxistrade.eu\/sv\/wp-json\/wp\/v2\/media\/24954"}],"wp:attachment":[{"href":"https:\/\/praxistrade.eu\/sv\/wp-json\/wp\/v2\/media?parent=25573"}],"wp:term":[{"taxonomy":"product_brand","embeddable":true,"href":"https:\/\/praxistrade.eu\/sv\/wp-json\/wp\/v2\/product_brand?post=25573"},{"taxonomy":"product_cat","embeddable":true,"href":"https:\/\/praxistrade.eu\/sv\/wp-json\/wp\/v2\/product_cat?post=25573"},{"taxonomy":"product_tag","embeddable":true,"href":"https:\/\/praxistrade.eu\/sv\/wp-json\/wp\/v2\/product_tag?post=25573"}],"curies":[{"name":"wp","href":"https:\/\/api.w.org\/{rel}","templated":true}]}}