{"id":25579,"date":"2024-12-24T08:48:30","date_gmt":"2024-12-24T08:48:30","guid":{"rendered":"https:\/\/praxistrade.eu\/product\/ekologisk-akaciahonung-med-ekologiska-vilda-blabar-hela-frukten-230-g\/"},"modified":"2024-12-24T08:48:30","modified_gmt":"2024-12-24T08:48:30","slug":"ekologisk-akaciahonung-med-ekologiska-vilda-blabar-hela-frukten-230-g","status":"publish","type":"product","link":"https:\/\/praxistrade.eu\/sv\/produkt\/ekologisk-akaciahonung-med-ekologiska-vilda-blabar-hela-frukten-230-g\/","title":{"rendered":"Ekologisk akaciahonung med ekologiska vilda bl\u00e5b\u00e4r Hela frukten, 230 g"},"content":{"rendered":"<h3><b>Om detta objekt<\/b><span style=\"font-weight: 400;\">:<\/span><\/h3>\n<p><span style=\"font-weight: 400;\">Artikelvikten \u00e4r 230g inte 400g<\/span><\/p>\n<p><span style=\"font-weight: 400;\"><strong>Vikt f\u00f6r artikelf\u00f6rpackning:<\/strong> 400g<\/span><\/p>\n<p><span style=\"font-weight: 400;\"><strong>Typ av honung:<\/strong> Akacia<\/span><\/p>\n<h3><b>Unik metod f\u00f6r kallbearbetning<\/b><span style=\"font-weight: 400;\">:<\/span> <\/h3>\n<p><span style=\"font-weight: 400;\">I v\u00e5r speciella l\u00e5gtemperaturprocess dehydratiseras blandningen av honung och vilda bl\u00e5b\u00e4r f\u00f6rsiktigt vid temperaturer under 38\u00b0C. Det efterliknar det naturliga s\u00e4tt p\u00e5 vilket bin skapar honung och bevarar enzymer, antioxidanter och n\u00e4rings\u00e4mnen f\u00f6r maximala h\u00e4lsof\u00f6rdelar och smak. <\/span><\/p>\n<h3><strong>Produktinformation:<\/strong><\/h3>\n<p><strong>Artikelinformation:<\/strong><\/p>\n<p><span style=\"font-weight: 400;\"><strong>Region av ursprung:<\/strong> EU &#8211; Rum\u00e4nie<\/span><\/p>\n<p><span style=\"font-weight: 400;\"><strong>Tillverkare:<\/strong> Atelierele Melinis SRL<\/span><\/p>\n<p><span style=\"font-weight: 400;\"><strong>F\u00f6rem\u00e5lets form:<\/strong> Glas<\/span><\/p>\n<p><strong>M\u00e4tningar:<\/strong><\/p>\n<p><span style=\"font-weight: 400;\">F\u00f6rpackningens vikt: 400g <\/span><b>inte <\/b><span style=\"font-weight: 400;\">Artikelns vikt<\/span><\/p>\n<p><span style=\"font-weight: 400;\">M\u00e5tt: 6,3 cm x 6,3 cm x 8,0 cm<\/span><\/p>\n<p><strong>Ingredienser: <\/strong><span style=\"font-weight: 400;\">Ekologisk akaciahonung* 70%, ekologiska r\u00e5a vilda bl\u00e5b\u00e4r* 25%, ekologisk havtorn* 5%;<\/span> <\/p>\n<p><span style=\"font-weight: 400;\">*fr\u00e5n Rum\u00e4nien<\/span><\/p>\n<h3><b>Produktbeskrivning<\/b><\/h3>\n<p><span style=\"font-weight: 400;\">Uppt\u00e4ck Melinis Wild Blueberries, en unik blandning av r\u00e5, ekologisk akaciahonung och handplockade r\u00e5a vilda bl\u00e5b\u00e4r (bl\u00e5b\u00e4r), k\u00e4nda f\u00f6r sin intensiva smak och \u00f6verl\u00e4gsna h\u00e4lsof\u00f6rdelar j\u00e4mf\u00f6rt med odlade bl\u00e5b\u00e4r. <\/span><\/p>\n<p><span style=\"font-weight: 400;\">Blandningen av honung och vilda bl\u00e5b\u00e4r dehydreras f\u00f6rsiktigt tillsammans vid temperaturer under 38\u00b0C, vilket bibeh\u00e5ller alla naturliga n\u00e4rings\u00e4mnen och smaker.<\/span><\/p>\n<p><span style=\"font-weight: 400;\">Genom att anv\u00e4nda en s\u00e5dan unik kallbearbetningsmetod bevarar vi de naturliga n\u00e4rings\u00e4mnena och antioxidanterna, vilket ger en verkligt autentisk och n\u00e4ringsrik delikatess. Varje burk tillverkas i sm\u00e5 partier, vilket garanterar exceptionell kvalitet och f\u00e4rskhet i varje sked. <\/span><\/p>\n<p><span style=\"font-weight: 400;\">P\u00e5 Melinis \u00e4r vi stolta \u00f6ver v\u00e5r unika produktionsprocess, som \u00e4r inspirerad av binas naturliga arbete i bikupan. Precis som bin ventilerar sin honung f\u00f6r att minska vatteninneh\u00e5llet, blandar vi f\u00f6rsiktigt r\u00e5a frukter med honung och bearbetar denna blandning med hj\u00e4lp av specialdesignad utrustning som kallas homogenisatorer. Dessa maskiner h\u00e5ller en kontrollerad temperatur p\u00e5 35-37\u00b0C och anv\u00e4nder str\u00f6mmar av mycket torr luft f\u00f6r att avdunsta vattnet fr\u00e5n blandningen under en period p\u00e5 2-4 veckor. Denna l\u00e5ngsamma och noggranna metod bevarar frukterna i deras n\u00e4stan naturliga tillst\u00e5nd, utan kokning eller past\u00f6risering, vilket garanterar maximalt n\u00e4ringsv\u00e4rde och autentisk smak i varje burk.   <\/span><\/p>\n<h3><strong>Varf\u00f6r v\u00e4lja vilda bl\u00e5b\u00e4r (bl\u00e5b\u00e4r)?<\/strong><\/h3>\n<p><span style=\"font-weight: 400;\">Vilda bl\u00e5b\u00e4r (bl\u00e5b\u00e4r) \u00e4r mindre, m\u00f6rkare och fyllda med betydligt fler antioxidanter, vitaminer och mineraler \u00e4n odlade sorter. Genom att v\u00e4lja Melinis v\u00e4ljer du naturens mest potenta och smakrika supermat. <\/span><\/p>\n<h3><b>Upplev naturens kraft i varje sked<\/b><\/h3>\n<p><span style=\"font-weight: 400;\">L\u00e4gg till Melinis Wild Blueberries i din kundvagn nu och njut av den \u00f6verl\u00e4gsna smaken och h\u00e4lsof\u00f6rdelarna med denna hantverksm\u00e4ssiga, kallbearbetade delikatess!<\/span><\/p>\n<h3><b>S\u00e4kerhet<\/b><\/h3>\n<p><span style=\"font-weight: 400;\">Eftersom vi anv\u00e4nder r\u00e5 honung rekommenderas den inte f\u00f6r barn under 12 m\u00e5nader. <\/span><\/p>\n<h3><b>Instruktioner f\u00f6r f\u00f6rvaring<\/b><span style=\"font-weight: 400;\">:<\/span><\/h3>\n<p><span style=\"font-weight: 400;\">F\u00f6rvaras, \u00e4ven efter \u00f6ppnandet, svalt, torrt och skyddat fr\u00e5n direkt solljus i temperaturer mellan 18-25\u00b0C. Det \u00e4r inte n\u00f6dv\u00e4ndigt att f\u00f6rvara den i kylsk\u00e5p. <\/span><\/p>\n<h3><b>Ursprung och h\u00e5llbarhet<\/b><span style=\"font-weight: 400;\">:<\/span><\/h3>\n<p><span style=\"font-weight: 400;\">Melinis Wild Blueberries \u00e4r exklusivt producerad i Rum\u00e4nien och st\u00f6djer lokala ekologiska biodlare och h\u00e5llbar sk\u00f6rd av vilda bl\u00e5b\u00e4r. Varje burk tillverkas med omsorg, i sm\u00e5 partier, f\u00f6r att bevara renheten och kvaliteten hos varje ingrediens. <\/span><\/p>\n","protected":false},"excerpt":{"rendered":"<p><span style=\"font-weight: 400;\">Antioxidant, unik kallbearbetad delikatess, inga konserveringsmedel, perfekt f\u00f6r frukost, desserter, snacks och h\u00e4lsosam topping &#8211; by Melinis<\/span><\/p>\n<p><b>Ingredienser<\/b><span style=\"font-weight: 400;\">: <\/span><span style=\"font-weight: 400;\">Ekologisk akaciahonung* 70%, ekologiska r\u00e5a vilda bl\u00e5b\u00e4r* 25%, ekologisk havtorn* 5%; <\/span><\/p>\n<p><span style=\"font-weight: 400;\"> *fr\u00e5n Rum\u00e4nien<\/span><\/p>\n","protected":false},"featured_media":25030,"comment_status":"open","ping_status":"closed","template":"","meta":[],"product_brand":[],"product_cat":[1200],"product_tag":[],"class_list":{"0":"post-25579","1":"product","2":"type-product","3":"status-publish","4":"has-post-thumbnail","6":"product_cat-melinis-sv","8":"first","9":"instock","10":"shipping-taxable","11":"purchasable","12":"product-type-simple"},"_links":{"self":[{"href":"https:\/\/praxistrade.eu\/sv\/wp-json\/wp\/v2\/product\/25579","targetHints":{"allow":["GET"]}}],"collection":[{"href":"https:\/\/praxistrade.eu\/sv\/wp-json\/wp\/v2\/product"}],"about":[{"href":"https:\/\/praxistrade.eu\/sv\/wp-json\/wp\/v2\/types\/product"}],"replies":[{"embeddable":true,"href":"https:\/\/praxistrade.eu\/sv\/wp-json\/wp\/v2\/comments?post=25579"}],"wp:featuredmedia":[{"embeddable":true,"href":"https:\/\/praxistrade.eu\/sv\/wp-json\/wp\/v2\/media\/25030"}],"wp:attachment":[{"href":"https:\/\/praxistrade.eu\/sv\/wp-json\/wp\/v2\/media?parent=25579"}],"wp:term":[{"taxonomy":"product_brand","embeddable":true,"href":"https:\/\/praxistrade.eu\/sv\/wp-json\/wp\/v2\/product_brand?post=25579"},{"taxonomy":"product_cat","embeddable":true,"href":"https:\/\/praxistrade.eu\/sv\/wp-json\/wp\/v2\/product_cat?post=25579"},{"taxonomy":"product_tag","embeddable":true,"href":"https:\/\/praxistrade.eu\/sv\/wp-json\/wp\/v2\/product_tag?post=25579"}],"curies":[{"name":"wp","href":"https:\/\/api.w.org\/{rel}","templated":true}]}}