{"id":25585,"date":"2024-12-24T09:09:16","date_gmt":"2024-12-24T09:09:16","guid":{"rendered":"https:\/\/praxistrade.eu\/product\/ekologisk-multiflowershonung-med-tranbar-havtorn\/"},"modified":"2024-12-24T09:09:16","modified_gmt":"2024-12-24T09:09:16","slug":"ekologisk-multiflowershonung-med-tranbar-havtorn","status":"publish","type":"product","link":"https:\/\/praxistrade.eu\/sv\/produkt\/ekologisk-multiflowershonung-med-tranbar-havtorn\/","title":{"rendered":"Ekologisk Multiflowershonung med tranb\u00e4r &amp; havtorn"},"content":{"rendered":"<h3><b>Om detta objekt<\/b><span style=\"font-weight: 400;\">:<\/span><\/h3>\n<p><span style=\"font-weight: 400;\">Artikelns vikt \u00e4r 230g <\/span><span style=\"font-weight: 400;\">inte 400g<\/span><\/p>\n<p><span style=\"font-weight: 400;\"><strong>Vikt f\u00f6r artikelf\u00f6rpackning:<\/strong> 400g<\/span><\/p>\n<p><span style=\"font-weight: 400;\"><strong>Typ av honung:<\/strong> Flerblommig<\/span><\/p>\n<ul>\n<li style=\"font-weight: 400;\" aria-level=\"1\"><span style=\"font-weight: 400;\">EKOLOGISK HONUNG MED SUPERFOODS: Den h\u00e4r l\u00e4ckra blandningen av 70% ekologisk multiflowerhonung, 25% ekologiska tranb\u00e4r och n\u00e4ringsrika ekologiska havtorn ger en naturlig kombination f\u00f6r en fyllig smak.<\/span><\/li>\n<li style=\"font-weight: 400;\" aria-level=\"1\"><b>Unik metod f\u00f6r kallbearbetning<\/b><span style=\"font-weight: 400;\"> &#8211; I v\u00e5r speciella l\u00e5gtemperaturprocess dehydratiseras blandningen av honung och tranb\u00e4r f\u00f6rsiktigt vid temperaturer under 38\u00b0C. Det efterliknar det naturliga s\u00e4tt p\u00e5 vilket bin skapar honung som bevarar enzymer, antioxidanter och n\u00e4rings\u00e4mnen f\u00f6r maximala h\u00e4lsof\u00f6rdelar och smak. <\/span><\/li>\n<li style=\"font-weight: 400;\" aria-level=\"1\"><span style=\"font-weight: 400;\">NATURLIGT ST\u00d6D: Tranb\u00e4r och havtorn \u00e4r k\u00e4nda f\u00f6r sina olika egenskaper och bidrar till en balanserad, njutbar upplevelse som berikar din kost.<\/span><\/li>\n<li style=\"font-weight: 400;\" aria-level=\"1\"><span style=\"font-weight: 400;\">Frisk, kr\u00e4mig konsistens: tack vare den skonsamma bearbetningen under 38\u00b0C bibeh\u00e5lls den kr\u00e4miga konsistensen i blandningen, vilket skapar en fin och bredbar konsistens.<\/span><\/li>\n<li style=\"font-weight: 400;\" aria-level=\"1\"><span style=\"font-weight: 400;\">Unik smakupplevelse: blandningen av den milda s\u00f6tman fr\u00e5n multiflowerhonung och den l\u00e4tta syrligheten fr\u00e5n tranb\u00e4r och havtorn ger en balanserad njutning.<\/span><\/li>\n<li style=\"font-weight: 400;\" aria-level=\"1\"><span style=\"font-weight: 400;\">Perfekt f\u00f6r den aktiva livsstilen: denna ekologiska blandning \u00e4r perfekt f\u00f6r en h\u00e4lsoinriktad frukost eller som ett n\u00e4ringsrikt mellanm\u00e5l.<\/span><\/li>\n<li style=\"font-weight: 400;\" aria-level=\"1\"><span style=\"font-weight: 400;\">H\u00e5llbar kvalitet: den speciella bearbetningstekniken f\u00f6rhindrar grov kristallisering, vilket h\u00e5ller den f\u00e4rska konsistensen under l\u00e5ng tid.<\/span><\/li>\n<li style=\"font-weight: 400;\" aria-level=\"1\"><span style=\"font-weight: 400;\">MELINIS Ett varum\u00e4rke med tradition: Melinis kombinerar traditionella metoder med innovativ teknik f\u00f6r att skapa ekologiska produkter som \u00e4r h\u00f6gkvalitativa och uts\u00f6kta<\/span><\/li>\n<\/ul>\n<h3><b>Information om produkten<\/b><span style=\"font-weight: 400;\">:<\/span><\/h3>\n<p><span style=\"font-weight: 400;\"><strong>Region av ursprung:<\/strong> EU &#8211; Rum\u00e4nie<\/span><\/p>\n<p><span style=\"font-weight: 400;\"><strong>Tillverkare:<\/strong> Atelierele Melinis SRL<\/span><\/p>\n<p><span style=\"font-weight: 400;\"><strong>F\u00f6rem\u00e5lets form:<\/strong> Glas<\/span><\/p>\n<h3><strong>M\u00e4tningar:<\/strong><\/h3>\n<p><span style=\"font-weight: 400;\"><strong>F\u00f6rpackningens vikt:<\/strong> 400g <\/span><b>inte<\/b><span style=\"font-weight: 400;\"> Artikelns vikt<\/span><\/p>\n<p><span style=\"font-weight: 400;\"><strong>M\u00e5tt:<\/strong> 6,3 cm x 6,3 cm x 8,0 cm<\/span><\/p>\n<h3><b>Produktbeskrivning<\/b><\/h3>\n<p><span style=\"font-weight: 400;\">Vi har berikat Melinis-sortimentet med en annan superfrukt som \u00e4r k\u00e4nd f\u00f6r sina exceptionella h\u00e4lsof\u00f6rdelar: <\/span><b>vilda tranb\u00e4r<\/b><span style=\"font-weight: 400;\">. Our cranberries are harvested from the mountainous regions of Romania. Blended with    <\/span><b>ekologisk vildblommig honung<\/b> <span style=\"font-weight: 400;\">och en touch av ekologisk havtornsjuice, erbjuder denna kr\u00e4miga, syrliga spridning en unik och h\u00e4rlig smak.<\/span><\/p>\n<p><span style=\"font-weight: 400;\">Den l\u00e5ngsamma bearbetningen vid temperaturer under 35\u00b0C s\u00e4kerst\u00e4ller att n\u00e4rings\u00e4mnen, antioxidanter och naturliga enzymer bevaras. Slutligen f\u00f6rb\u00e4ttrar v\u00e5r teknik f\u00f6r kontrollerad kristallisering den mjuka konsistensen, f\u00f6rhindrar grov kristallisering \u00f6ver tid och s\u00e4kerst\u00e4ller en delikat, lyxig konsistens. <\/span><\/p>\n<p><span style=\"font-weight: 400;\">P\u00e5 Melinis \u00e4r vi stolta \u00f6ver v\u00e5r unika produktionsprocess, som \u00e4r inspirerad av binas naturliga arbete i bikupan. Precis som bin ventilerar sin honung f\u00f6r att minska vatteninneh\u00e5llet, blandar vi f\u00f6rsiktigt r\u00e5a frukter med honung och bearbetar denna blandning med hj\u00e4lp av specialdesignad utrustning som kallas homogenisatorer. Dessa maskiner h\u00e5ller en kontrollerad temperatur p\u00e5 35-38\u00b0C och anv\u00e4nder str\u00f6mmar av mycket torr luft f\u00f6r att avdunsta vattnet fr\u00e5n blandningen under en period p\u00e5 2-4 veckor. Denna l\u00e5ngsamma och noggranna metod bevarar frukterna i deras n\u00e4stan naturliga tillst\u00e5nd, utan kokning eller past\u00f6risering, vilket garanterar maximalt n\u00e4ringsv\u00e4rde och autentisk smak i varje burk.   <\/span><\/p>\n<h3><b>Varf\u00f6r v\u00e4lja Melinis Cranberry Cream?<\/b><\/h3>\n<p><span style=\"font-weight: 400;\">Detta p\u00e5l\u00e4gg \u00e4r tillverkat av vilda tranb\u00e4r fr\u00e5n Rum\u00e4niens bergsomr\u00e5den och kombinerar de rika n\u00e4ringsm\u00e4ssiga f\u00f6rdelarna med tranb\u00e4r med s\u00f6tman hos r\u00e5 honung. Dess antioxidativa och antiinflammatoriska egenskaper g\u00f6r det till ett superlivsmedel fullpackat med h\u00e4lsofr\u00e4mjande kraft och gourmetsmak.<br \/> <\/span><\/p>\n<h3><b>Upplev naturens syrliga s\u00f6tma<\/b><\/h3>\n<p><span style=\"font-weight: 400;\">L\u00e4gg till <\/span><b>Melinis Tranb\u00e4rsgr\u00e4dde<\/b> <span style=\"font-weight: 400;\">till din kundvagn nu och njut av en unik, kallbearbetad delikatess som kombinerar det b\u00e4sta av vilda tranb\u00e4r och r\u00e5 ekologisk honung!<\/span><\/p>\n<h3><b>F\u00f6rslag p\u00e5 anv\u00e4ndning:<\/b><\/h3>\n<p><span style=\"font-weight: 400;\">Njut av <\/span><b>Melinis tranb\u00e4rsgr\u00e4dde<\/b><span style=\"font-weight: 400;\"> som p\u00e5l\u00e4gg p\u00e5 rostat br\u00f6d, pannkakor eller v\u00e5fflor, eller r\u00f6r ner den i yoghurt f\u00f6r ett syrligt och n\u00e4ringsrikt mellanm\u00e5l. Den s\u00f6ta och aromatiska smaken passar ocks\u00e5 perfekt i smoothies, parfaiter eller som topping p\u00e5 desserter. F\u00f6r en h\u00e4lsosam njutning, njut av den direkt fr\u00e5n burken.  <\/span><\/p>\n<h3><b>S\u00e4kerhet<\/b><\/h3>\n<p><span style=\"font-weight: 400;\">Eftersom vi anv\u00e4nder r\u00e5 honung rekommenderas den inte f\u00f6r barn under 12 m\u00e5nader. <\/span><\/p>\n<h3><b>Instruktioner f\u00f6r f\u00f6rvaring<\/b><span style=\"font-weight: 400;\">:<\/span><\/h3>\n<p><span style=\"font-weight: 400;\">F\u00f6rvaras, \u00e4ven efter \u00f6ppnandet, svalt, torrt och skyddat fr\u00e5n direkt solljus i temperaturer mellan 18-25\u00b0C. Det \u00e4r inte n\u00f6dv\u00e4ndigt att f\u00f6rvara den i kylsk\u00e5p. <\/span><\/p>\n<h3><b>Ursprung och h\u00e5llbarhet<\/b><span style=\"font-weight: 400;\">:<\/span><\/h3>\n<p><span style=\"font-weight: 400;\">Melinis Wild Cranberries \u00e4r exklusivt producerad i Rum\u00e4nien och st\u00f6djer lokala ekologiska biodlare och h\u00e5llbar sk\u00f6rd av vilda tranb\u00e4r. Varje burk tillverkas med omsorg, i sm\u00e5 partier, f\u00f6r att bevara renheten och kvaliteten hos varje ingrediens. <\/span><\/p>\n","protected":false},"excerpt":{"rendered":"<p><span style=\"font-weight: 400;\">Kr\u00e4migt bredbart p\u00e5l\u00e4gg, 230 g, skonsamt bearbetat under 38\u00b0C, antioxidantrikt, supermat, naturlig energik\u00e4lla, 230 g &#8211; by Melinis<\/span><\/p>\n<p><b>Ingrediense<\/b><span style=\"font-weight: 400;\">: Ekologisk multiflowerhonung* 70%, ekologiska r\u00e5a vilda tranb\u00e4r* 25%, ekologisk r\u00e5 havtorn* 5%<\/span><\/p>\n<p><span style=\"font-weight: 400;\">*fr\u00e5n Rum\u00e4nien<\/span><\/p>\n","protected":false},"featured_media":25108,"comment_status":"open","ping_status":"closed","template":"","meta":[],"product_brand":[],"product_cat":[1200],"product_tag":[],"class_list":{"0":"post-25585","1":"product","2":"type-product","3":"status-publish","4":"has-post-thumbnail","6":"product_cat-melinis-sv","8":"first","9":"instock","10":"shipping-taxable","11":"purchasable","12":"product-type-simple"},"_links":{"self":[{"href":"https:\/\/praxistrade.eu\/sv\/wp-json\/wp\/v2\/product\/25585","targetHints":{"allow":["GET"]}}],"collection":[{"href":"https:\/\/praxistrade.eu\/sv\/wp-json\/wp\/v2\/product"}],"about":[{"href":"https:\/\/praxistrade.eu\/sv\/wp-json\/wp\/v2\/types\/product"}],"replies":[{"embeddable":true,"href":"https:\/\/praxistrade.eu\/sv\/wp-json\/wp\/v2\/comments?post=25585"}],"wp:featuredmedia":[{"embeddable":true,"href":"https:\/\/praxistrade.eu\/sv\/wp-json\/wp\/v2\/media\/25108"}],"wp:attachment":[{"href":"https:\/\/praxistrade.eu\/sv\/wp-json\/wp\/v2\/media?parent=25585"}],"wp:term":[{"taxonomy":"product_brand","embeddable":true,"href":"https:\/\/praxistrade.eu\/sv\/wp-json\/wp\/v2\/product_brand?post=25585"},{"taxonomy":"product_cat","embeddable":true,"href":"https:\/\/praxistrade.eu\/sv\/wp-json\/wp\/v2\/product_cat?post=25585"},{"taxonomy":"product_tag","embeddable":true,"href":"https:\/\/praxistrade.eu\/sv\/wp-json\/wp\/v2\/product_tag?post=25585"}],"curies":[{"name":"wp","href":"https:\/\/api.w.org\/{rel}","templated":true}]}}