{"id":26037,"date":"2024-07-11T19:52:25","date_gmt":"2024-07-11T18:52:25","guid":{"rendered":"https:\/\/praxistrade.eu\/product\/oversvamningsbarriarer\/"},"modified":"2024-07-11T19:52:25","modified_gmt":"2024-07-11T18:52:25","slug":"oversvamningsbarriarer","status":"publish","type":"product","link":"https:\/\/praxistrade.eu\/sv\/produkt\/oversvamningsbarriarer\/","title":{"rendered":"\u00d6versv\u00e4mningsbarri\u00e4rer"},"content":{"rendered":"<ul>\n<li class=\"a-spacing-mini\"><span class=\"a-list-item\">Ingen sand, inget tungt arbete: LABA-TEX \u00f6versv\u00e4mningsbarri\u00e4r \u00e4r det moderna alternativet till sands\u00e4ckar. Ingen sanddragning eller lagring &#8211; placera, tills\u00e4tt vatten och skyddet b\u00f6rjar. <\/span><\/li>\n<li class=\"a-spacing-mini\"><span class=\"a-list-item\">SNABB AKTIVERING OCH TILLV\u00c4XT: N\u00e4r barri\u00e4ren kommer i kontakt med vatten v\u00e4xer den till sin fulla storlek inom n\u00e5gra minuter f\u00f6r att effektivt absorbera, avleda och blockera vatten.<\/span><\/li>\n<li class=\"a-spacing-mini\"><span class=\"a-list-item\">Kompakt och l\u00e4tt att f\u00f6rvara: dessa vattenbesparande barri\u00e4rer \u00e4r utrymmessn\u00e5la, l\u00e4tta att b\u00e4ra och alltid redo att anv\u00e4ndas &#8211; oavsett om det \u00e4r inomhus eller utomhus.<\/span><\/li>\n<li class=\"a-spacing-mini\"><span class=\"a-list-item\">M\u00e5ngsidig anv\u00e4ndning: perfekt f\u00f6r att skydda d\u00f6rrar, garage, k\u00e4llare och mycket mer. \u00c4ven utm\u00e4rkt f\u00f6r erosionsskydd och f\u00f6rberedelser inf\u00f6r n\u00f6dsituationer. <\/span><\/li>\n<li class=\"a-spacing-mini\"><span class=\"a-list-item\">Robust och \u00e5teranv\u00e4ndbar: tillverkad av h\u00e5llbara material som \u00e4r UV-best\u00e4ndiga och m\u00f6jligg\u00f6r l\u00e5ngvarig anv\u00e4ndning. Idealisk f\u00f6r planerade projekt eller som en akut insats. <\/span><\/li>\n<\/ul>\n","protected":false},"excerpt":{"rendered":"<p>Kr\u00e4ver ingen sand, effektiv l\u00f6sning f\u00f6r snabbt \u00f6versv\u00e4mningsskydd (6 st, 50 x 25 cm, 5 L) &#8211; tillf\u00f6rlitligt skydd f\u00f6r d\u00f6rrar, k\u00e4llare och f\u00f6nster<\/p>\n","protected":false},"featured_media":22214,"comment_status":"open","ping_status":"closed","template":"","meta":[],"product_brand":[],"product_cat":[1292],"product_tag":[],"class_list":{"0":"post-26037","1":"product","2":"type-product","3":"status-publish","4":"has-post-thumbnail","6":"product_cat-hus-och-bil","8":"first","9":"instock","10":"shipping-taxable","11":"purchasable","12":"product-type-variable"},"_links":{"self":[{"href":"https:\/\/praxistrade.eu\/sv\/wp-json\/wp\/v2\/product\/26037","targetHints":{"allow":["GET"]}}],"collection":[{"href":"https:\/\/praxistrade.eu\/sv\/wp-json\/wp\/v2\/product"}],"about":[{"href":"https:\/\/praxistrade.eu\/sv\/wp-json\/wp\/v2\/types\/product"}],"replies":[{"embeddable":true,"href":"https:\/\/praxistrade.eu\/sv\/wp-json\/wp\/v2\/comments?post=26037"}],"wp:featuredmedia":[{"embeddable":true,"href":"https:\/\/praxistrade.eu\/sv\/wp-json\/wp\/v2\/media\/22214"}],"wp:attachment":[{"href":"https:\/\/praxistrade.eu\/sv\/wp-json\/wp\/v2\/media?parent=26037"}],"wp:term":[{"taxonomy":"product_brand","embeddable":true,"href":"https:\/\/praxistrade.eu\/sv\/wp-json\/wp\/v2\/product_brand?post=26037"},{"taxonomy":"product_cat","embeddable":true,"href":"https:\/\/praxistrade.eu\/sv\/wp-json\/wp\/v2\/product_cat?post=26037"},{"taxonomy":"product_tag","embeddable":true,"href":"https:\/\/praxistrade.eu\/sv\/wp-json\/wp\/v2\/product_tag?post=26037"}],"curies":[{"name":"wp","href":"https:\/\/api.w.org\/{rel}","templated":true}]}}