{"id":26082,"date":"2024-12-24T09:17:35","date_gmt":"2024-12-24T09:17:35","guid":{"rendered":"https:\/\/praxistrade.eu\/product\/ekologisk-flerblommig-honung-med-raa-ekologiska-gojibar-och-havtorn\/"},"modified":"2024-12-24T09:17:35","modified_gmt":"2024-12-24T09:17:35","slug":"ekologisk-flerblommig-honung-med-raa-ekologiska-gojibar-och-havtorn","status":"publish","type":"product","link":"https:\/\/praxistrade.eu\/sv\/produkt\/ekologisk-flerblommig-honung-med-raa-ekologiska-gojibar-och-havtorn\/","title":{"rendered":"Ekologisk flerblommig honung med r\u00e5a ekologiska gojib\u00e4r och havtorn"},"content":{"rendered":"<h3><b>Om detta objekt<\/b><span style=\"font-weight: 400;\">:<\/span><\/h3>\n<p><span style=\"font-weight: 400;\">Artikelns vikt \u00e4r 230g <\/span><span style=\"font-weight: 400;\">inte 400g<\/span><\/p>\n<p><span style=\"font-weight: 400;\"><strong>Vikt f\u00f6r artikelf\u00f6rpackning:<\/strong> 400g<\/span><\/p>\n<p><span style=\"font-weight: 400;\"><strong>Typ av honung:<\/strong> Flerblommig<\/span><\/p>\n<ul>\n<li style=\"font-weight: 400;\" aria-level=\"1\"><span style=\"font-weight: 400;\">Uts\u00f6kt hantverk &#8211; Njut av smaken av Melinis, en omsorgsfullt handgjord ekologisk honung med goji och havtorn. Upplev full n\u00e4ringsrikedom och en sammetslen konsistens som f\u00f6rf\u00f6r dina sinnen. <\/span><\/li>\n<li style=\"font-weight: 400;\" aria-level=\"1\"><b>Unik metod f\u00f6r kallbearbetning<\/b><span style=\"font-weight: 400;\"> -I v\u00e5r speciella l\u00e5gtemperaturprocess dehydratiseras blandningen av honung och gojib\u00e4r f\u00f6rsiktigt vid temperaturer under 38\u00b0C. Det efterliknar det naturliga s\u00e4tt p\u00e5 vilket bin skapar honung som bevarar enzymer, antioxidanter och n\u00e4rings\u00e4mnen f\u00f6r maximala h\u00e4lsof\u00f6rdelar och smak. <\/span><\/li>\n<li style=\"font-weight: 400;\" aria-level=\"1\"><span style=\"font-weight: 400;\">Boost f\u00f6r v\u00e4lbefinnande och immunf\u00f6rsvar &#8211; St\u00e4rk ditt immunf\u00f6rsvar och k\u00e4nn skillnaden. Den unika kombinationen av honung och gojib\u00e4r har en uppfriskande effekt och st\u00f6der ditt v\u00e4lbefinnande p\u00e5 ett h\u00e5llbart s\u00e4tt. <\/span><\/li>\n<li style=\"font-weight: 400;\" aria-level=\"1\"><span style=\"font-weight: 400;\">Perfekt f\u00f6r fina smaker &#8211; Oavsett om det \u00e4r p\u00e5 f\u00e4rskt br\u00f6d, i din yoghurt eller med fin ost &#8211; Melinis honungskr\u00e4m ger gourmetnjutning till dina m\u00e5ltider och snacks. Prova den och l\u00e5t dig f\u00f6rundras \u00f6ver dess m\u00e5ngsidighet. <\/span><\/li>\n<li style=\"font-weight: 400;\" aria-level=\"1\"><span style=\"font-weight: 400;\">N\u00d6JDHET GARANTERAD &#8211; Prova Melinis riskfritt. Vi st\u00e5r f\u00f6r h\u00f6gsta standard och autentisk smak som \u00f6vertr\u00e4ffar dina f\u00f6rv\u00e4ntningar och ger dig ett leende p\u00e5 l\u00e4pparna. <\/span><\/li>\n<li style=\"font-weight: 400;\" aria-level=\"1\"><span style=\"font-weight: 400;\">Melinis filosofi &#8211; P\u00e5 Melinis kombinerar vi tradition och innovation f\u00f6r att erbjuda dig f\u00f6rstklassiga delikatessprodukter. V\u00e5r passion f\u00f6r h\u00f6gsta kvalitet och naturliga ingredienser <\/span><\/li>\n<\/ul>\n<h3><b>Information om produkten<\/b><span style=\"font-weight: 400;\">:<\/span><\/h3>\n<p><span style=\"font-weight: 400;\"><strong>Region av ursprung:<\/strong> EU &#8211; Rum\u00e4nie<\/span><\/p>\n<p><span style=\"font-weight: 400;\"><strong>Tillverkare:<\/strong> Atelierele Melinis SRL<\/span><\/p>\n<p><span style=\"font-weight: 400;\"><strong>F\u00f6rem\u00e5lets form:<\/strong> Glas<\/span><\/p>\n<h3><strong>M\u00e4tningar:<\/strong><\/h3>\n<p><span style=\"font-weight: 400;\"><strong>F\u00f6rpackningens vikt:<\/strong> 400g <\/span><b>inte<\/b><span style=\"font-weight: 400;\"> Artikelns vikt<\/span><\/p>\n<p><span style=\"font-weight: 400;\"><strong>M\u00e5tt:<\/strong> 6,3 cm x 6,3 cm x 8,0 cm<\/span><\/p>\n<h3><b>Produktbeskrivning<\/b><\/h3>\n<p><b>Melinis Goji Cream<\/b><span style=\"font-weight: 400;\"> kombinerar r\u00e5, ekologisk multiflowerhonung med n\u00e4ringsrika gojib\u00e4r, som \u00e4r k\u00e4nda som en av de h\u00e4lsosammaste superfoods. Dessa b\u00e4r \u00e4r fyllda med antioxidanter, vitaminer och mineraler, vilket g\u00f6r dem till en naturlig allierad.<br \/> <\/span><\/p>\n<p><span style=\"font-weight: 400;\">Med hj\u00e4lp av en unik kallbearbetningsmetod bevarar Melinis Goji Cream ingrediensernas n\u00e4ringsm\u00e4ssiga integritet och skapar en kr\u00e4mig och delikat konsistens som beh\u00e5ller alla de naturliga f\u00f6rdelarna med honung och gojib\u00e4r. Denna unika produkt kan avnjutas som den \u00e4r eller tillsammans med ostar, rostat br\u00f6d eller flingor f\u00f6r en h\u00e4rlig och h\u00e4lsosam behandling. <\/span><\/p>\n<p><span style=\"font-weight: 400;\">P\u00e5 Melinis \u00e4r vi stolta \u00f6ver v\u00e5r unika produktionsprocess, som \u00e4r inspirerad av binas naturliga arbete i bikupan. Precis som bin ventilerar sin honung f\u00f6r att minska vatteninneh\u00e5llet, blandar vi f\u00f6rsiktigt r\u00e5a frukter med honung och bearbetar denna blandning med hj\u00e4lp av specialdesignad utrustning som kallas homogenisatorer. Dessa maskiner h\u00e5ller en kontrollerad temperatur p\u00e5 35-38\u00b0C och anv\u00e4nder str\u00f6mmar av mycket torr luft f\u00f6r att avdunsta vattnet fr\u00e5n blandningen under en period p\u00e5 2-4 veckor. Denna l\u00e5ngsamma och noggranna metod bevarar frukterna i deras n\u00e4stan naturliga tillst\u00e5nd, utan kokning eller past\u00f6risering, vilket garanterar maximalt n\u00e4ringsv\u00e4rde och autentisk smak i varje burk.   <\/span><\/p>\n<h3><b>Varf\u00f6r v\u00e4lja Melinis Goji Cream?<\/b><\/h3>\n<p><span style=\"font-weight: 400;\">Gojib\u00e4r \u00e4r ett superlivsmedel med en rik historia av att fr\u00e4mja h\u00e4lsa och vitalitet. Kombinerat med r\u00e5 ekologisk honung skapar de en unik och smakrik spread. <\/span><\/p>\n<h3><b>Upplev den naturliga energin fr\u00e5n Gojib\u00e4r<\/b><\/h3>\n<p><span style=\"font-weight: 400;\">L\u00e4gg till<\/span> <b>Melinis Goji Cream<\/b> <span style=\"font-weight: 400;\">till din kundvagn nu och njut av h\u00e4lsof\u00f6rdelarna och gourmetsmaken av denna kallbearbetade, hantverksm\u00e4ssiga delikatess!<\/span><\/p>\n<h3><b>S\u00e4kerhet<\/b><\/h3>\n<p><span style=\"font-weight: 400;\">Eftersom vi anv\u00e4nder r\u00e5 honung rekommenderas den inte f\u00f6r barn under 12 m\u00e5nader. <\/span><\/p>\n<h3><b>Instruktioner f\u00f6r f\u00f6rvaring<\/b><span style=\"font-weight: 400;\">:<\/span><\/h3>\n<p><span style=\"font-weight: 400;\">F\u00f6rvaras, \u00e4ven efter \u00f6ppnandet, svalt, torrt och skyddat fr\u00e5n direkt solljus i temperaturer mellan 18-25\u00b0C. Det \u00e4r inte n\u00f6dv\u00e4ndigt att f\u00f6rvara den i kylsk\u00e5p. <\/span><\/p>\n<h3><b>Ursprung och h\u00e5llbarhet<\/b><span style=\"font-weight: 400;\">:<\/span><\/h3>\n<p><span style=\"font-weight: 400;\">Melinis Wild Cranberries \u00e4r exklusivt producerad i Rum\u00e4nien och st\u00f6djer lokala ekologiska biodlare och h\u00e5llbar sk\u00f6rd av vilda tranb\u00e4r. Varje burk tillverkas med omsorg, i sm\u00e5 partier, f\u00f6r att bevara renheten och kvaliteten hos varje ingrediens. <\/span><\/p>\n","protected":false},"excerpt":{"rendered":"<p><span style=\"font-weight: 400;\">Kr\u00e4migt bredbart p\u00e5l\u00e4gg, 230 g, unik kallbearbetad delikatess, antioxidant, inga konserveringsmedel, perfekt f\u00f6r frukost, desserter, snacks och h\u00e4lsosam topping &#8211; by Melinis<\/p>\n<p><\/span><b>Ingredienser:<\/b> <span style=\"font-weight: 400;\">Ekologisk multiflowerhonung* 80%, ekologiska r\u00e5a gojib\u00e4r* 15%, ekologiska r\u00e5a havtorn* 5%<\/p>\n<p><\/span><span style=\"font-weight: 400;\">*fr\u00e5n Rum\u00e4nien<\/span><\/p>\n","protected":false},"featured_media":25181,"comment_status":"open","ping_status":"closed","template":"","meta":[],"product_brand":[],"product_cat":[1200],"product_tag":[],"class_list":{"0":"post-26082","1":"product","2":"type-product","3":"status-publish","4":"has-post-thumbnail","6":"product_cat-melinis-sv","8":"first","9":"instock","10":"shipping-taxable","11":"purchasable","12":"product-type-simple"},"_links":{"self":[{"href":"https:\/\/praxistrade.eu\/sv\/wp-json\/wp\/v2\/product\/26082","targetHints":{"allow":["GET"]}}],"collection":[{"href":"https:\/\/praxistrade.eu\/sv\/wp-json\/wp\/v2\/product"}],"about":[{"href":"https:\/\/praxistrade.eu\/sv\/wp-json\/wp\/v2\/types\/product"}],"replies":[{"embeddable":true,"href":"https:\/\/praxistrade.eu\/sv\/wp-json\/wp\/v2\/comments?post=26082"}],"wp:featuredmedia":[{"embeddable":true,"href":"https:\/\/praxistrade.eu\/sv\/wp-json\/wp\/v2\/media\/25181"}],"wp:attachment":[{"href":"https:\/\/praxistrade.eu\/sv\/wp-json\/wp\/v2\/media?parent=26082"}],"wp:term":[{"taxonomy":"product_brand","embeddable":true,"href":"https:\/\/praxistrade.eu\/sv\/wp-json\/wp\/v2\/product_brand?post=26082"},{"taxonomy":"product_cat","embeddable":true,"href":"https:\/\/praxistrade.eu\/sv\/wp-json\/wp\/v2\/product_cat?post=26082"},{"taxonomy":"product_tag","embeddable":true,"href":"https:\/\/praxistrade.eu\/sv\/wp-json\/wp\/v2\/product_tag?post=26082"}],"curies":[{"name":"wp","href":"https:\/\/api.w.org\/{rel}","templated":true}]}}