{"id":26088,"date":"2024-12-24T09:23:50","date_gmt":"2024-12-24T09:23:50","guid":{"rendered":"https:\/\/praxistrade.eu\/product\/acaciahonung-med-hallon-spread\/"},"modified":"2024-12-24T09:23:50","modified_gmt":"2024-12-24T09:23:50","slug":"acaciahonung-med-hallon-spread","status":"publish","type":"product","link":"https:\/\/praxistrade.eu\/sv\/produkt\/acaciahonung-med-hallon-spread\/","title":{"rendered":"Acaciahonung med hallon Spread"},"content":{"rendered":"<h3><b>Om detta objekt<\/b><span style=\"font-weight: 400;\">:<\/span><\/h3>\n<p><span style=\"font-weight: 400;\">Artikelns vikt \u00e4r 230g <\/span><span style=\"font-weight: 400;\">inte 400g<\/span><\/p>\n<p><span style=\"font-weight: 400;\"><strong>Vikt f\u00f6r artikelf\u00f6rpackning:<\/strong> 400g<\/span><\/p>\n<p><span style=\"font-weight: 400;\"><strong>Typ av honung:<\/strong> Akacia<\/span><\/p>\n<ul>\n<li style=\"font-weight: 400;\" aria-level=\"1\"><span style=\"font-weight: 400;\">Fruktig ekologisk lyx p\u00e5 din tallrik &#8211; Upplev den perfekta sammansm\u00e4ltningen av 65% ekologisk akaciahonung och 25% f\u00e4rsk hallonpasta f\u00f6r en makal\u00f6st s\u00f6t och fruktig smakupplevelse.<\/span><\/li>\n<li style=\"font-weight: 400;\" aria-level=\"1\"><b>Unik metod f\u00f6r kallbearbetning<\/b><span style=\"font-weight: 400;\"> &#8211; I v\u00e5r speciella l\u00e5gtemperaturprocess dehydratiseras blandningen av honung och hallon f\u00f6rsiktigt vid temperaturer under 38\u00b0C. Det efterliknar det naturliga s\u00e4tt p\u00e5 vilket bin skapar honung och bevarar enzymer, antioxidanter och n\u00e4rings\u00e4mnen f\u00f6r maximala h\u00e4lsof\u00f6rdelar och smak. <\/span><\/li>\n<li style=\"font-weight: 400;\" aria-level=\"1\"><span style=\"font-weight: 400;\">Handgjord kvalitet &#8211; Skonsam bearbetning under 38\u00b0C f\u00f6r att bevara hallonens naturliga aromer och klara f\u00e4rg. Kvalitet som du kan smaka! <\/span><\/li>\n<li style=\"font-weight: 400;\" aria-level=\"1\"><span style=\"font-weight: 400;\">B\u00f6rja dagen med en godbit &#8211; oavsett om det \u00e4r p\u00e5 f\u00e4rskt br\u00f6d, croissanter eller i frukostflingorna &#8211; den h\u00e4r spreaden g\u00f6r varje tugga till en speciell stund.<\/span><\/li>\n<li style=\"font-weight: 400;\" aria-level=\"1\"><span style=\"font-weight: 400;\">Sammetslen och l\u00e4tt att breda ut &#8211; Den kr\u00e4miga konsistensen g\u00f6r det enkelt att breda ut och ger en lyxig smakupplevelse n\u00e4r som helst p\u00e5 dygnet.<\/span><\/li>\n<li style=\"font-weight: 400;\" aria-level=\"1\"><span style=\"font-weight: 400;\">100% rena ingredienser &#8211; Fria fr\u00e5n artificiella tillsatser och tillverkade av h\u00f6gkvalitativa ingredienser &#8211; f\u00f6r den medvetna n\u00f6jes\u00e4lskaren.<\/span><\/li>\n<li style=\"font-weight: 400;\" aria-level=\"1\"><span style=\"font-weight: 400;\">Kreativa smakinspirationer &#8211; F\u00f6rfina desserter, smoothies eller glass med den oemotst\u00e5ndliga doften av hallon och honung. Ett m\u00e5ste f\u00f6r kreativa kulinariska l\u00e4ckerheter <\/span><\/li>\n<li style=\"font-weight: 400;\" aria-level=\"1\"><span style=\"font-weight: 400;\">Sommar under alla \u00e5rstider &#8211; Den fr\u00e4scha, fruktiga smaken av hallon ger sommarv\u00e4rme till ditt hem, \u00e4ven under svala dagar.<\/span><\/li>\n<\/ul>\n<h3><b>Information om produkten<\/b><span style=\"font-weight: 400;\">:<\/span><\/h3>\n<p><span style=\"font-weight: 400;\"><strong>Region av ursprung:<\/strong> EU &#8211; Rum\u00e4nie<\/span><\/p>\n<p><span style=\"font-weight: 400;\"><strong>Tillverkare:<\/strong> Atelierele Melinis SRL<\/span><\/p>\n<p><span style=\"font-weight: 400;\"><strong>F\u00f6rem\u00e5lets form:<\/strong> Glas<\/span><\/p>\n<h3><strong>M\u00e4tningar:<\/strong><\/h3>\n<p><span style=\"font-weight: 400;\"><strong>F\u00f6rpackningens vikt:<\/strong> 400g <\/span><b>inte<\/b><span style=\"font-weight: 400;\"> Artikelns vikt<\/span><\/p>\n<p><span style=\"font-weight: 400;\"><strong>M\u00e5tt:<\/strong> 6,3 cm x 6,3 cm x 8,0 cm<\/span><\/p>\n<h3><b>Produktbeskrivning<\/b><\/h3>\n<p><span style=\"font-weight: 400;\">Sk\u00e4m bort dina sinnen med<\/span> <b>Melinis Uppfriskande hallon<\/b><span style=\"font-weight: 400;\">\u00e4r en premiumblandning av r\u00e5 ekologisk akaciahonung och nysk\u00f6rdad hallonmassa. Detta lyxiga p\u00e5l\u00e4gg f\u00e5ngar den livfulla f\u00e4rgen, den delikata konsistensen och den naturliga aromen hos mogna hallon, perfekt f\u00f6rst\u00e4rkt av den mjuka s\u00f6tman hos akaciahonung. Varje sked ger en varm k\u00e4nsla av sommar, \u00e4ven under de kallaste dagarna.  <\/span><\/p>\n<p><span style=\"font-weight: 400;\">Med hj\u00e4lp av en unik kallbearbetningsmetod beh\u00e5ller Melinis Refreshing Raspberry de naturliga n\u00e4rings\u00e4mnena, antioxidanterna och enzymerna i sina ingredienser, vilket skapar en m\u00e5ngsidig och h\u00e4lsofr\u00e4mjande delikatess. Med sin silkeslena konsistens och rika smak \u00e4r denna hantverksm\u00e4ssiga godbit perfekt f\u00f6r frukost, desserter eller ett energigivande mellanm\u00e5l. <\/span><\/p>\n<p><span style=\"font-weight: 400;\">P\u00e5 Melinis \u00e4r vi stolta \u00f6ver v\u00e5r unika produktionsprocess, som \u00e4r inspirerad av binas naturliga arbete i bikupan. Precis som bin ventilerar sin honung f\u00f6r att minska vatteninneh\u00e5llet, blandar vi f\u00f6rsiktigt r\u00e5a frukter med honung och bearbetar denna blandning med hj\u00e4lp av specialdesignad utrustning som kallas homogenisatorer. Dessa maskiner h\u00e5ller en kontrollerad temperatur p\u00e5 35-38\u00b0C och anv\u00e4nder str\u00f6mmar av mycket torr luft f\u00f6r att avdunsta vattnet fr\u00e5n blandningen under en period p\u00e5 2-4 veckor. Denna l\u00e5ngsamma och noggranna metod bevarar frukterna i deras n\u00e4stan naturliga tillst\u00e5nd, utan kokning eller past\u00f6risering, vilket garanterar maximalt n\u00e4ringsv\u00e4rde och autentisk smak i varje burk.   <\/span><\/p>\n<h3><b>F\u00f6rslag p\u00e5 anv\u00e4ndning:<\/b><\/h3>\n<p><span style=\"font-weight: 400;\">Njut av<\/span> <b>Melinis Uppfriskande hallon<\/b><span style=\"font-weight: 400;\"> som p\u00e5l\u00e4gg p\u00e5 rostat br\u00f6d, pannkakor eller v\u00e5fflor, eller r\u00f6r ner den i yoghurt f\u00f6r ett livfullt och n\u00e4ringsrikt mellanm\u00e5l. Den dj\u00e4rva och uppfriskande smaken g\u00f6r den till en utm\u00e4rkt topping p\u00e5 glass eller en perfekt fyllning i bakverk. F\u00f6r en sofistikerad twist kan du kombinera den med m\u00f6rk choklad eller fina ostar.  <\/span><\/p>\n<h3><b>Varf\u00f6r v\u00e4lja Melinis Refreshing Raspberry?<\/b><\/h3>\n<p><span style=\"font-weight: 400;\">Den naturliga s\u00f6tman hos r\u00e5 ekologisk akaciahonung m\u00f6ter den syrliga fr\u00e4sch\u00f6ren hos hallon i denna unika, kallbearbetade delikatess. Fullpackad med n\u00e4rings\u00e4mnen och antioxidanter \u00e4r den ett h\u00e4rligt och h\u00e4lsobringande tillskott till ditt skafferi, med b\u00e5de gourmetsmak och h\u00e4lsof\u00f6rdelar. <\/span><\/p>\n<h3><b>Upplev smaken av sommar i varje sked<\/b><\/h3>\n<p><span style=\"font-weight: 400;\">L\u00e4gg till <\/span><b>Melinis Uppfriskande hallon<\/b> <span style=\"font-weight: 400;\">till din kundvagn nu och njut av denna premium kallbearbetade delikatessens livfulla smak, h\u00e4lsof\u00f6rdelar och hantverksm\u00e4ssiga kvalitet!<\/span><\/p>\n<h3><b>S\u00e4kerhet<\/b><\/h3>\n<p><span style=\"font-weight: 400;\">Eftersom vi anv\u00e4nder r\u00e5 honung rekommenderas den inte f\u00f6r barn under 12 m\u00e5nader. <\/span><\/p>\n<h3><b>Instruktioner f\u00f6r f\u00f6rvaring<\/b><span style=\"font-weight: 400;\">:<\/span><\/h3>\n<p><span style=\"font-weight: 400;\">F\u00f6rvaras, \u00e4ven efter \u00f6ppnandet, svalt, torrt och skyddat fr\u00e5n direkt solljus i temperaturer mellan 18-25\u00b0C. Det \u00e4r inte n\u00f6dv\u00e4ndigt att f\u00f6rvara den i kylsk\u00e5p. <\/span><\/p>\n<h3><b>Ursprung och h\u00e5llbarhet<\/b><span style=\"font-weight: 400;\">:<\/span><\/h3>\n<p><span style=\"font-weight: 400;\">Melinis Wild Cranberries \u00e4r exklusivt producerad i Rum\u00e4nien och st\u00f6djer lokala ekologiska biodlare och h\u00e5llbar sk\u00f6rd av vilda tranb\u00e4r. Varje burk tillverkas med omsorg, i sm\u00e5 partier, f\u00f6r att bevara renheten och kvaliteten hos varje ingrediens. <\/span><\/p>\n","protected":false},"excerpt":{"rendered":"<p> <span style=\"font-weight: 400;\">65% honung, 25% hallonpur\u00e9, raffinerad med citronsaft, perfekt f\u00f6r frukost, desserter och smoothies &#8211; fr\u00e5n Melinis<\/p>\n<p><\/span><b>Ingredienser:<\/b> <span style=\"font-weight: 400;\">Ekologisk akaciahonung* 65%, r\u00e5 hallonmassa* 25%, citronjuice 10%;<\/p>\n<p><\/span>*<span style=\"font-weight: 400;\">fr\u00e5n Rum\u00e4nien<\/span><\/p>\n","protected":false},"featured_media":25254,"comment_status":"open","ping_status":"closed","template":"","meta":[],"product_brand":[],"product_cat":[1200],"product_tag":[],"class_list":{"0":"post-26088","1":"product","2":"type-product","3":"status-publish","4":"has-post-thumbnail","6":"product_cat-melinis-sv","8":"first","9":"instock","10":"shipping-taxable","11":"purchasable","12":"product-type-simple"},"_links":{"self":[{"href":"https:\/\/praxistrade.eu\/sv\/wp-json\/wp\/v2\/product\/26088","targetHints":{"allow":["GET"]}}],"collection":[{"href":"https:\/\/praxistrade.eu\/sv\/wp-json\/wp\/v2\/product"}],"about":[{"href":"https:\/\/praxistrade.eu\/sv\/wp-json\/wp\/v2\/types\/product"}],"replies":[{"embeddable":true,"href":"https:\/\/praxistrade.eu\/sv\/wp-json\/wp\/v2\/comments?post=26088"}],"wp:featuredmedia":[{"embeddable":true,"href":"https:\/\/praxistrade.eu\/sv\/wp-json\/wp\/v2\/media\/25254"}],"wp:attachment":[{"href":"https:\/\/praxistrade.eu\/sv\/wp-json\/wp\/v2\/media?parent=26088"}],"wp:term":[{"taxonomy":"product_brand","embeddable":true,"href":"https:\/\/praxistrade.eu\/sv\/wp-json\/wp\/v2\/product_brand?post=26088"},{"taxonomy":"product_cat","embeddable":true,"href":"https:\/\/praxistrade.eu\/sv\/wp-json\/wp\/v2\/product_cat?post=26088"},{"taxonomy":"product_tag","embeddable":true,"href":"https:\/\/praxistrade.eu\/sv\/wp-json\/wp\/v2\/product_tag?post=26088"}],"curies":[{"name":"wp","href":"https:\/\/api.w.org\/{rel}","templated":true}]}}