{"id":26094,"date":"2024-12-24T09:29:43","date_gmt":"2024-12-24T09:29:43","guid":{"rendered":"https:\/\/praxistrade.eu\/product\/ekologisk-akaciahonung-med-rosenblad\/"},"modified":"2024-12-24T09:29:43","modified_gmt":"2024-12-24T09:29:43","slug":"ekologisk-akaciahonung-med-rosenblad","status":"publish","type":"product","link":"https:\/\/praxistrade.eu\/sv\/produkt\/ekologisk-akaciahonung-med-rosenblad\/","title":{"rendered":"Ekologisk akaciahonung med rosenblad"},"content":{"rendered":"<h3><b>Om detta objekt<\/b><span style=\"font-weight: 400;\">:<\/span><\/h3>\n<p><span style=\"font-weight: 400;\">Artikelns vikt \u00e4r 230g <\/span><span style=\"font-weight: 400;\">inte 400g<\/span><\/p>\n<p><span style=\"font-weight: 400;\"><strong>Vikt f\u00f6r artikelf\u00f6rpackning:<\/strong> 400g<\/span><\/p>\n<p><span style=\"font-weight: 400;\"><strong>Typ av honung:<\/strong> Akacia<\/span><\/p>\n<ul>\n<li style=\"font-weight: 400;\" aria-level=\"1\"><span style=\"font-weight: 400;\">Elegant ekologisk lyxsm\u00f6rg\u00e5sbord &#8211; Sk\u00e4m bort dig sj\u00e4lv med den raffinerade Melinis ekologiska akaciahonung med rosenblad, en exklusiv blandning av honung och den f\u00f6rf\u00f6riska doften av Damaskusrosor.<\/span><\/li>\n<li style=\"font-weight: 400;\" aria-level=\"1\"><b>Unik metod f\u00f6r kallbearbetning<\/b><span style=\"font-weight: 400;\"> &#8211; I v\u00e5r speciella l\u00e5gtemperaturprocess dehydratiseras blandningen av honung och rosenblad f\u00f6rsiktigt vid temperaturer under 38\u00b0C. Det efterliknar det naturliga s\u00e4tt p\u00e5 vilket bin skapar honung och bevarar enzymer, antioxidanter och n\u00e4rings\u00e4mnen f\u00f6r maximala h\u00e4lsof\u00f6rdelar och smak. <\/span><\/li>\n<li style=\"font-weight: 400;\" aria-level=\"1\"><span style=\"font-weight: 400;\">Hantverk p\u00e5 tallriken &#8211; Skonsam bearbetning under 38\u00b0C f\u00f6r att bevara renheten och den fulla smaken &#8211; f\u00f6r en f\u00f6rstklassig smakupplevelse.<\/span><\/li>\n<li style=\"font-weight: 400;\" aria-level=\"1\"><span style=\"font-weight: 400;\">F\u00f6r\u00e4dla dina desserter &#8211; En lyxig topping till vaniljglass, en h\u00f6jdpunkt med m\u00f6rk choklad eller som en speciell finish p\u00e5 t\u00e5rtor och bakverk.<\/span><\/li>\n<li style=\"font-weight: 400;\" aria-level=\"1\"><span style=\"font-weight: 400;\">Sammetslen konsistens &#8211; Denna eleganta honungskr\u00e4m \u00e4r l\u00e4tt att breda ut och ger dina r\u00e4tter det d\u00e4r lilla extra.<\/span><\/li>\n<li style=\"font-weight: 400;\" aria-level=\"1\"><span style=\"font-weight: 400;\">Rena ekologiska ingredienser &#8211; Tillverkad av ekologisk akaciahonung och handplockade rosenblad f\u00f6r en naturlig och of\u00f6rfalskad smakupplevelse.<\/span><\/li>\n<li style=\"font-weight: 400;\" aria-level=\"1\"><span style=\"font-weight: 400;\">Perfekt f\u00f6r njutningsfulla stunder &#8211; Perfekt f\u00f6r att ge en exklusiv touch till frukostgodis, eftermiddagssnacks eller speciella desserter.<\/span><\/li>\n<li style=\"font-weight: 400;\" aria-level=\"1\"><span style=\"font-weight: 400;\">Orientalisk doft och smak &#8211; Den f\u00f6rf\u00f6riska doften av Damaskusrosor tar dina sinnen till Orientens v\u00e4rld och g\u00f6r varje m\u00e5ltid till en speciell upplevelse.<\/span><\/li>\n<li style=\"font-weight: 400;\" aria-level=\"1\"><span style=\"font-weight: 400;\">MELINIS: Ditt f\u00f6rtroende f\u00f6r ekologisk kvalitet &#8211; Lita p\u00e5 Melinis f\u00f6r h\u00f6gkvalitativa, noggrant tillverkade ekologiska honungsprodukter som berikar ditt k\u00f6k och sk\u00e4mmer bort din smak.<\/span><\/li>\n<\/ul>\n<h3><b>Information om produkten<\/b><span style=\"font-weight: 400;\">:<\/span><\/h3>\n<p><span style=\"font-weight: 400;\"><strong>Region av ursprung:<\/strong> EU &#8211; Rum\u00e4nie<\/span><\/p>\n<p><span style=\"font-weight: 400;\"><strong>Tillverkare:<\/strong> Atelierele Melinis SRL<\/span><\/p>\n<p><span style=\"font-weight: 400;\"><strong>F\u00f6rem\u00e5lets form:<\/strong> Glas<\/span><\/p>\n<h3><strong>M\u00e4tningar:<\/strong><\/h3>\n<p><span style=\"font-weight: 400;\"><strong>F\u00f6rpackningens vikt:<\/strong> 400g <\/span><b>inte<\/b><span style=\"font-weight: 400;\"> Artikelns vikt<\/span><\/p>\n<p><span style=\"font-weight: 400;\"><strong>M\u00e5tt:<\/strong> 6,3 cm x 6,3 cm x 8,0 cm<\/span><\/p>\n<h3><b>F\u00f6rslag p\u00e5 anv\u00e4ndning:<\/b><\/h3>\n<p><span style=\"font-weight: 400;\">F\u00f6rvandla dina kulinariska skapelser med elegansen hos<\/span> <b>Melinis dyrbara ros<\/b><span style=\"font-weight: 400;\">.<\/span><\/p>\n<ul>\n<li style=\"font-weight: 400;\" aria-level=\"1\"><span style=\"font-weight: 400;\">Ringla den \u00f6ver kr\u00e4miga desserter som panna cotta, cheesecake eller glass f\u00f6r en gourmetk\u00e4nsla.<\/span><\/li>\n<li style=\"font-weight: 400;\" aria-level=\"1\"><span style=\"font-weight: 400;\">Kombinera den med fin m\u00f6rk choklad f\u00f6r att skapa en njutbar kombination av smaker.<\/span><\/li>\n<li style=\"font-weight: 400;\" aria-level=\"1\"><span style=\"font-weight: 400;\">Tills\u00e4tt den till nybakade bakverk eller scones f\u00f6r en delikat blommig twist.<\/span><\/li>\n<li style=\"font-weight: 400;\" aria-level=\"1\"><span style=\"font-weight: 400;\">Anv\u00e4nd den som s\u00f6tningsmedel i \u00f6rtdrycker eller som ett sofistikerat komplement till ostbrickor.<\/span><\/li>\n<\/ul>\n<p><span style=\"font-weight: 400;\">Oavsett om du \u00e4r v\u00e4rd f\u00f6r ett speciellt evenemang eller njuter av en lugn stund av lyx,<\/span> <b>Melinis Precious Rose<\/b> <span style=\"font-weight: 400;\">\u00e4r det perfekta tillskottet f\u00f6r att f\u00f6rh\u00f6ja varje tillf\u00e4lle.<\/span><\/p>\n<h3><b>Produktbeskrivning<\/b><\/h3>\n<p><span style=\"font-weight: 400;\">Upplev den ultimata njutningen med<\/span> <b>Melinis Precious Roseett<\/b> <span style=\"font-weight: 400;\">m\u00e4sterverk tillverkat av den finaste r\u00e5a organiska akaciahonungen och handplockade<\/span> <b>f\u00e4rska kronblad fr\u00e5n Damaskusrosen<\/b><span style=\"font-weight: 400;\">. Med sin sl\u00e5ende rubinr\u00f6da nyans, lyxiga konsistens och f\u00e4ngslande blomsterarom f\u00f6rflyttar denna unika delikatess dig till f\u00f6rtrollande l\u00e4nder d\u00e4r Damaskusrosen symboliserar passion och elegans. <\/span><\/p>\n<p><span style=\"font-weight: 400;\">Denna uts\u00f6kta blandning \u00e4r framst\u00e4lld med en skonsam kallbearbetningsmetod som bevarar hela spektrumet av naturliga n\u00e4rings\u00e4mnen, antioxidanter och smaker fr\u00e5n de f\u00f6rstklassiga ingredienserna. Varje burk med  <\/span><b>Melinis Precious Rose<\/b> <span style=\"font-weight: 400;\">\u00e4r en hyllning till konstn\u00e4rskap, natur och v\u00e4lbefinnande och erbjuder en verkligt unik gourmetupplevelse.<\/span><\/p>\n<p><span style=\"font-weight: 400;\">P\u00e5 Melinis \u00e4r vi stolta \u00f6ver v\u00e5r unika produktionsprocess, som \u00e4r inspirerad av binas naturliga arbete i bikupan. Precis som bin ventilerar sin honung f\u00f6r att minska vatteninneh\u00e5llet, blandar vi f\u00f6rsiktigt r\u00e5a frukter med honung och bearbetar denna blandning med hj\u00e4lp av specialdesignad utrustning som kallas homogenisatorer. Dessa maskiner h\u00e5ller en kontrollerad temperatur p\u00e5 35-37\u00b0C och anv\u00e4nder str\u00f6mmar av mycket torr luft f\u00f6r att avdunsta vattnet fr\u00e5n blandningen under en period p\u00e5 2-4 veckor. Denna l\u00e5ngsamma och noggranna metod bevarar frukterna i deras n\u00e4stan naturliga tillst\u00e5nd, utan kokning eller past\u00f6risering, vilket garanterar maximalt n\u00e4ringsv\u00e4rde och autentisk smak i varje burk.   <\/span><\/p>\n<h3><b>Varf\u00f6r v\u00e4lja Melinis Precious Rose?<\/b><\/h3>\n<p><b>Damaskus<\/b> <span style=\"font-weight: 400;\">rosen<\/span><span style=\"font-weight: 400;\">som i \u00e5rhundraden har v\u00f6rdats som en symbol f\u00f6r sk\u00f6nhet och renhet, m\u00f6ter den o\u00f6vertr\u00e4ffade s\u00f6tman hos r\u00e5 akaciahonung i denna uts\u00f6kta blandning. Varje burk f\u00f6rkroppsligar den omsorg och hantverksskicklighet som k\u00e4nnetecknar hantverksm\u00e4ssig produktion och ger inte bara o\u00f6vertr\u00e4ffad smak utan ocks\u00e5 en rad h\u00e4lsof\u00f6rdelar. Med sin unika kallprocessade metod,   <\/span><b>Melinis Precious Rose<\/b> <span style=\"font-weight: 400;\">bevarar naturens fulla v\u00e4sen och erbjuder en delikatess som \u00e4r lika vacker som den \u00e4r n\u00e4rande.<\/span><\/p>\n<h3><b>Upplev rosornas f\u00f6rtrollning i varje sked<\/b><\/h3>\n<p><span style=\"font-weight: 400;\">L\u00e4gg till<\/span> <b>Melinis Precious Rose<\/b><span style=\"font-weight: 400;\"> till din kundvagn nu och njut av elegansen, smaken och h\u00e4lsof\u00f6rdelarna med denna hantverksm\u00e4ssiga, kallbearbetade delikatess! Perfekt f\u00f6r njutning, g\u00e5vor eller f\u00f6r att skapa of\u00f6rgl\u00f6mliga kulinariska stunder. <\/span><\/p>\n<h3><b>S\u00e4kerhet<\/b><\/h3>\n<p><span style=\"font-weight: 400;\">Eftersom vi anv\u00e4nder r\u00e5 honung rekommenderas den inte f\u00f6r barn under 12 m\u00e5nader. <\/span><\/p>\n<h3><b>Instruktioner f\u00f6r f\u00f6rvaring<\/b><span style=\"font-weight: 400;\">:<\/span><\/h3>\n<p><span style=\"font-weight: 400;\">F\u00f6rvaras, \u00e4ven efter \u00f6ppnandet, svalt, torrt och skyddat fr\u00e5n direkt solljus i temperaturer mellan 18-25\u00b0C. Det \u00e4r inte n\u00f6dv\u00e4ndigt att f\u00f6rvara den i kylsk\u00e5p. <\/span><\/p>\n<h3><b>Ursprung och h\u00e5llbarhet<\/b><span style=\"font-weight: 400;\">:<\/span><\/h3>\n<p><span style=\"font-weight: 400;\">Melinis Wild Cranberries \u00e4r exklusivt producerad i Rum\u00e4nien och st\u00f6djer lokala ekologiska biodlare och h\u00e5llbar sk\u00f6rd av vilda tranb\u00e4r. Varje burk tillverkas med omsorg, i sm\u00e5 partier, f\u00f6r att bevara renheten och kvaliteten hos varje ingrediens. <\/span><\/p>\n","protected":false},"excerpt":{"rendered":"<p><span style=\"font-weight: 400;\">Uts\u00f6kt kallprocessad gourmetgl\u00e4dje, 80% honung, raffinerad med Damaskusrosor och citronsaft, perfekt f\u00f6r desserter, glass och choklad &#8211; fr\u00e5n Melinis<\/p>\n<p><\/span><b>Ingredienser<\/b><span style=\"font-weight: 400;\">:<\/span> <span style=\"font-weight: 400;\">Ekologisk akaciahonung (fr\u00e5n Rum\u00e4nien) 87%, ekologiska f\u00e4rska kronblad fr\u00e5n Damaskusrosor (fr\u00e5n Rum\u00e4nien) 8,7%; ekologisk citronsaft 4,3%.<\/span><\/p>\n","protected":false},"featured_media":25327,"comment_status":"open","ping_status":"closed","template":"","meta":[],"product_brand":[],"product_cat":[1200],"product_tag":[],"class_list":{"0":"post-26094","1":"product","2":"type-product","3":"status-publish","4":"has-post-thumbnail","6":"product_cat-melinis-sv","8":"first","9":"instock","10":"shipping-taxable","11":"purchasable","12":"product-type-simple"},"_links":{"self":[{"href":"https:\/\/praxistrade.eu\/sv\/wp-json\/wp\/v2\/product\/26094","targetHints":{"allow":["GET"]}}],"collection":[{"href":"https:\/\/praxistrade.eu\/sv\/wp-json\/wp\/v2\/product"}],"about":[{"href":"https:\/\/praxistrade.eu\/sv\/wp-json\/wp\/v2\/types\/product"}],"replies":[{"embeddable":true,"href":"https:\/\/praxistrade.eu\/sv\/wp-json\/wp\/v2\/comments?post=26094"}],"wp:featuredmedia":[{"embeddable":true,"href":"https:\/\/praxistrade.eu\/sv\/wp-json\/wp\/v2\/media\/25327"}],"wp:attachment":[{"href":"https:\/\/praxistrade.eu\/sv\/wp-json\/wp\/v2\/media?parent=26094"}],"wp:term":[{"taxonomy":"product_brand","embeddable":true,"href":"https:\/\/praxistrade.eu\/sv\/wp-json\/wp\/v2\/product_brand?post=26094"},{"taxonomy":"product_cat","embeddable":true,"href":"https:\/\/praxistrade.eu\/sv\/wp-json\/wp\/v2\/product_cat?post=26094"},{"taxonomy":"product_tag","embeddable":true,"href":"https:\/\/praxistrade.eu\/sv\/wp-json\/wp\/v2\/product_tag?post=26094"}],"curies":[{"name":"wp","href":"https:\/\/api.w.org\/{rel}","templated":true}]}}