{"id":26106,"date":"2024-12-24T09:44:17","date_gmt":"2024-12-24T09:44:17","guid":{"rendered":"https:\/\/praxistrade.eu\/product\/krispig-och-oemotstandlig-set-3-x-40-g-acaciahonung-med-blabar-kvitten-och-surkorsbar\/"},"modified":"2024-12-24T09:44:17","modified_gmt":"2024-12-24T09:44:17","slug":"krispig-och-oemotstandlig-set-3-x-40-g-acaciahonung-med-blabar-kvitten-och-surkorsbar","status":"publish","type":"product","link":"https:\/\/praxistrade.eu\/sv\/produkt\/krispig-och-oemotstandlig-set-3-x-40-g-acaciahonung-med-blabar-kvitten-och-surkorsbar\/","title":{"rendered":"Krispig och oemotst\u00e5ndlig &#8211; Set 3 x 40 g &#8211; Acaciahonung med bl\u00e5b\u00e4r, kvitten och surk\u00f6rsb\u00e4r"},"content":{"rendered":"<h3><b>Om detta objekt<\/b><span style=\"font-weight: 400;\">:<\/span><\/h3>\n<p><span style=\"font-weight: 400;\">Artikelns vikt \u00e4r 120g<\/span> <span style=\"font-weight: 400;\">inte 350g<\/span><\/p>\n<p><span style=\"font-weight: 400;\"><strong>F\u00f6rpackningens vikt:<\/strong> 350g<\/span><\/p>\n<p><span style=\"font-weight: 400;\"><strong>Typ av honung:<\/strong> Acacia eller Multiflower<\/span><\/p>\n<h3><b>Unik metod f\u00f6r kallbearbetning<\/b><span style=\"font-weight: 400;\">:<\/span> <\/h3>\n<p><span style=\"font-weight: 400;\">I v\u00e5r speciella l\u00e5gtemperaturprocess dehydratiseras blandningen av honung och frukt f\u00f6rsiktigt vid temperaturer under 38\u00b0C. Det efterliknar det naturliga s\u00e4tt p\u00e5 vilket bin skapar honung och bevarar enzymer, antioxidanter och n\u00e4rings\u00e4mnen f\u00f6r maximala h\u00e4lsof\u00f6rdelar och smak. <\/span><\/p>\n<h3><strong>Produktinformation:<\/strong><\/h3>\n<p><span style=\"font-weight: 400;\"><strong>Region av ursprung:<\/strong> EU &#8211; Rum\u00e4nie<\/span><\/p>\n<p><span style=\"font-weight: 400;\"><strong>Tillverkare:<\/strong> Atelierele Melinis SRL<\/span><\/p>\n<p><span style=\"font-weight: 400;\"><strong>F\u00f6rem\u00e5lets form:<\/strong> Glas<\/span><\/p>\n<h3><strong>M\u00e4tningar:<\/strong><\/h3>\n<p><span style=\"font-weight: 400;\"><strong>F\u00f6rpackningens vikt:<\/strong> 350g<\/span> <b>inte<\/b> <span style=\"font-weight: 400;\">Artikelns vikt<\/span><\/p>\n<p><span style=\"font-weight: 400;\"><strong>M\u00e5tt:<\/strong> 5cm x 5cm x 14cm<\/span><\/p>\n<h3><b>Produktbeskrivning<\/b><\/h3>\n<p><span style=\"font-weight: 400;\">Det h\u00e4r \u00e4r ett fint urval av produkter gjorda p\u00e5 akaciahonung och hela frukter. De ser ut som en uts\u00f6kt konfekt men \u00e4r mycket mer \u00e4n s\u00e5 &#8211; de \u00e4r sockerfria och bearbetas vid l\u00e5ga temperaturer. <\/span><\/p>\n<p><span style=\"font-weight: 400;\">P\u00e5 Melinis \u00e4r vi stolta \u00f6ver v\u00e5r unika produktionsprocess, som \u00e4r inspirerad av binas naturliga arbete i bikupan. Precis som bin ventilerar sin honung f\u00f6r att minska vatteninneh\u00e5llet, blandar vi f\u00f6rsiktigt r\u00e5a frukter med honung och bearbetar denna blandning med hj\u00e4lp av specialdesignad utrustning som kallas homogenisatorer. Dessa maskiner h\u00e5ller en kontrollerad temperatur p\u00e5 35-38\u00b0C och anv\u00e4nder str\u00f6mmar av mycket torr luft f\u00f6r att avdunsta vattnet fr\u00e5n blandningen under en period p\u00e5 2-4 veckor. Denna l\u00e5ngsamma och noggranna metod bevarar frukterna i deras n\u00e4stan naturliga tillst\u00e5nd, utan kokning eller past\u00f6risering, vilket garanterar maximalt n\u00e4ringsv\u00e4rde och autentisk smak i varje burk.   <\/span><\/p>\n<h3><b>S\u00e4kerhet<\/b><\/h3>\n<p><span style=\"font-weight: 400;\">Eftersom vi anv\u00e4nder r\u00e5 honung rekommenderas den inte f\u00f6r barn under 12 m\u00e5nader. <\/span><\/p>\n<h3><b>Instruktioner f\u00f6r f\u00f6rvaring<\/b><span style=\"font-weight: 400;\">:<\/span><\/h3>\n<p><span style=\"font-weight: 400;\">F\u00f6rvaras, \u00e4ven efter \u00f6ppnandet, torrt och skyddat fr\u00e5n direkt solljus i temperaturer mellan 18-25\u00b0C. Det \u00e4r inte n\u00f6dv\u00e4ndigt att f\u00f6rvara den i kylsk\u00e5p. <\/span><\/p>\n<h3><b>Ursprung och h\u00e5llbarhet<\/b><span style=\"font-weight: 400;\">:<\/span><\/h3>\n<p><span style=\"font-weight: 400;\">V\u00e5ra produkter tillverkas uteslutande i Rum\u00e4nien och st\u00f6djer lokala ekologiska biodlare och ekologiska lokala g\u00e5rdar. Varje burk tillverkas med omsorg, i sm\u00e5 partier, f\u00f6r att bevara renheten och kvaliteten hos varje ingrediens. <\/span><\/p>\n","protected":false},"excerpt":{"rendered":"<p><span style=\"font-weight: 400;\">Skonsamt bearbetad under 38\u00b0C &#8211; Premium r\u00e5 fruktmix f\u00f6r frukost, desserter, smoothies och snacks &#8211; fr\u00e5n Melinis<\/span><\/p>\n<p><strong>Ingredienser<\/strong><\/p>\n<ol>\n<li><span style=\"font-weight: 400;\"> Ekologisk akaciahonung* 70%, ekologiska r\u00e5a vilda bl\u00e5b\u00e4r* 25%, ekologisk havtorn* 5%; <\/span><\/li>\n<li><span style=\"font-weight: 400;\"> Ekologisk akaciahonung* 60%, r\u00e5a kvittenfrukter* 30%, citronjuice, juice av pelargonblad<\/span><\/li>\n<li><span style=\"font-weight: 400;\"> Ekologisk akaciahonung* 70%, r\u00e5 surk\u00f6rsb\u00e4r* 30%. <\/span><\/li>\n<\/ol>\n<p><span style=\"font-weight: 400;\">*fr\u00e5n Rum\u00e4nien<\/span><\/p>\n","protected":false},"featured_media":25473,"comment_status":"open","ping_status":"closed","template":"","meta":[],"product_brand":[],"product_cat":[1200],"product_tag":[],"class_list":{"0":"post-26106","1":"product","2":"type-product","3":"status-publish","4":"has-post-thumbnail","6":"product_cat-melinis-sv","8":"first","9":"instock","10":"shipping-taxable","11":"purchasable","12":"product-type-simple"},"_links":{"self":[{"href":"https:\/\/praxistrade.eu\/sv\/wp-json\/wp\/v2\/product\/26106","targetHints":{"allow":["GET"]}}],"collection":[{"href":"https:\/\/praxistrade.eu\/sv\/wp-json\/wp\/v2\/product"}],"about":[{"href":"https:\/\/praxistrade.eu\/sv\/wp-json\/wp\/v2\/types\/product"}],"replies":[{"embeddable":true,"href":"https:\/\/praxistrade.eu\/sv\/wp-json\/wp\/v2\/comments?post=26106"}],"wp:featuredmedia":[{"embeddable":true,"href":"https:\/\/praxistrade.eu\/sv\/wp-json\/wp\/v2\/media\/25473"}],"wp:attachment":[{"href":"https:\/\/praxistrade.eu\/sv\/wp-json\/wp\/v2\/media?parent=26106"}],"wp:term":[{"taxonomy":"product_brand","embeddable":true,"href":"https:\/\/praxistrade.eu\/sv\/wp-json\/wp\/v2\/product_brand?post=26106"},{"taxonomy":"product_cat","embeddable":true,"href":"https:\/\/praxistrade.eu\/sv\/wp-json\/wp\/v2\/product_cat?post=26106"},{"taxonomy":"product_tag","embeddable":true,"href":"https:\/\/praxistrade.eu\/sv\/wp-json\/wp\/v2\/product_tag?post=26106"}],"curies":[{"name":"wp","href":"https:\/\/api.w.org\/{rel}","templated":true}]}}