{"id":26212,"date":"2025-02-26T17:45:02","date_gmt":"2025-02-26T17:45:02","guid":{"rendered":"https:\/\/praxistrade.eu\/product\/ra-ekologisk-havtorn-med-ekologisk-flerblommig-honung\/"},"modified":"2025-02-26T17:45:02","modified_gmt":"2025-02-26T17:45:02","slug":"ra-ekologisk-havtorn-med-ekologisk-flerblommig-honung","status":"publish","type":"product","link":"https:\/\/praxistrade.eu\/sv\/produkt\/ra-ekologisk-havtorn-med-ekologisk-flerblommig-honung\/","title":{"rendered":"R\u00e5 ekologisk havtorn med ekologisk flerblommig honung"},"content":{"rendered":"<h3><b>Om detta objekt<\/b><span style=\"font-weight: 400;\">:<\/span><\/h3>\n<p><span style=\"font-weight: 400;\">Artikelns vikt \u00e4r 230g <\/span><span style=\"font-weight: 400;\">inte 400g<\/span><\/p>\n<p><span style=\"font-weight: 400;\"><strong>Vikt f\u00f6r artikelf\u00f6rpackning:<\/strong> 400g<\/span><\/p>\n<p><span style=\"font-weight: 400;\"><strong>Typ av honung:<\/strong> Flerblommig<\/span><\/p>\n<ul>\n<li style=\"font-weight: 400;\" aria-level=\"1\"><span style=\"font-weight: 400;\">DIN DAGLIGA K\u00c4NSLOV\u00c5RD &#8211; Njut av varje sked av denna speciella ekologiska honungssm\u00f6rg\u00e5s som sk\u00e4mmer bort dina sinnen och berikar din kost. Perfekt f\u00f6r alla som s\u00f6ker det b\u00e4sta av natur och smak. <\/span><\/li>\n<\/ul>\n<ul>\n<li style=\"font-weight: 400;\" aria-level=\"1\"><b>Unik metod f\u00f6r kallbearbetning<\/b><span style=\"font-weight: 400;\"> &#8211; I v\u00e5r speciella l\u00e5gtemperaturprocess dehydratiseras blandningen av honung och r\u00e5 havtornsmassa f\u00f6rsiktigt vid temperaturer under 38\u00b0C. Det efterliknar det naturliga s\u00e4tt p\u00e5 vilket bin skapar honung som bevarar enzymer, antioxidanter och n\u00e4rings\u00e4mnen f\u00f6r maximala h\u00e4lsof\u00f6rdelar och smak. <\/span><\/li>\n<li style=\"font-weight: 400;\" aria-level=\"1\"><span style=\"font-weight: 400;\">Smaken av natur &#8211; Med en exklusiv blandning av 50%<\/span> <span style=\"font-weight: 400;\">multiflorhonung multiflowerhonung och 50% havtornsfruktk\u00f6tt, kommer du att uppleva den rena njutningen och friskheten som bara naturen kan erbjuda.<\/span><\/li>\n<li style=\"font-weight: 400;\" aria-level=\"1\"><span style=\"font-weight: 400;\">Sammetslen konsistens, oj\u00e4mf\u00f6rlig njutning &#8211; Med en unik, bredbar konsistens \u00e4r detta p\u00e5l\u00e4gg perfekt f\u00f6r en himmelsk start p\u00e5 dagen eller som en s\u00f6t bel\u00f6ning d\u00e4remellan.<\/span><\/li>\n<li style=\"font-weight: 400;\" aria-level=\"1\"><span style=\"font-weight: 400;\">NATURLIG S\u00d6T UTAN RELEMENT &#8211; F\u00f6rfina dina r\u00e4tter eller njut av den rena uppl\u00e4ggningen &#8211; ett h\u00e4lsosamt, uts\u00f6kt alternativ som f\u00e5r dina smakl\u00f6kar att dansa.<\/span><\/li>\n<li style=\"font-weight: 400;\" aria-level=\"1\"><span style=\"font-weight: 400;\">Hemlig full av n\u00e4rings\u00e4mnen &#8211; Berikad med v\u00e4rdefulla vitaminer och mineraler \u00e4r detta p\u00e5l\u00e4gg den perfekta f\u00f6ljeslagaren f\u00f6r en balanserad kost och en m\u00e5 bra-upplevelse.<\/span><\/li>\n<li style=\"font-weight: 400;\" aria-level=\"1\"><span style=\"font-weight: 400;\">Njut utan bekymmer &#8211; Utan artificiella tillsatser och l\u00e4tt att f\u00f6rvara i rumstemperatur ger detta p\u00e5l\u00e4gg dig naturlig kvalitet utan kompromisser.<\/span><\/li>\n<li style=\"font-weight: 400;\" aria-level=\"1\"><span style=\"font-weight: 400;\">Melinis l\u00f6fte &#8211; Lita p\u00e5 ett varum\u00e4rke som st\u00e5r f\u00f6r h\u00f6gkvalitativa ekologiska produkter och som \u00e4r engagerat i att bevara naturen. Melinis &#8211; d\u00e4r kvalitet och smak g\u00e5r hand i hand. <\/span><\/li>\n<\/ul>\n<h3><b>Information om produkten<\/b><span style=\"font-weight: 400;\">:<\/span><\/h3>\n<p><span style=\"font-weight: 400;\"><strong>Region av ursprung:<\/strong> EU &#8211; Rum\u00e4nie<\/span><\/p>\n<p><span style=\"font-weight: 400;\"><strong>Tillverkare:<\/strong> Atelierele Melinis SRL<\/span><\/p>\n<p><span style=\"font-weight: 400;\"><strong>F\u00f6rem\u00e5lets form:<\/strong> Glas<\/span><\/p>\n<p><span style=\"font-weight: 400;\">Rekommenderade anv\u00e4ndningsomr\u00e5den f\u00f6r produkten: Njut av<\/span> <b>Melinis Havtorn Kr\u00e4mig<\/b> <b>spridning<\/b><span style=\"font-weight: 400;\"> p\u00e5 rostat br\u00f6d, pannkakor eller v\u00e5fflor, eller r\u00f6r ner den i yoghurt f\u00f6r ett n\u00e4ringsrikt mellanm\u00e5l. Den syrligt s\u00f6ta smaken passar ocks\u00e5 utm\u00e4rkt i smoothies, parfaiter eller som topping p\u00e5 desserter. Tack vare dess naturliga egenskaper \u00e4r det perfekt som en h\u00e4lsosam behandling direkt fr\u00e5n burken.  <\/span><\/p>\n<h3><strong>M\u00e4tningar:<\/strong><\/h3>\n<p><span style=\"font-weight: 400;\"><strong>F\u00f6rpackningens vikt:<\/strong> 400g <\/span><b>inte<\/b><span style=\"font-weight: 400;\"> Artikelns vikt<\/span><\/p>\n<p><span style=\"font-weight: 400;\"><strong>M\u00e5tt:<\/strong> 6,3 cm x 6,3 cm x 8,0 cm<\/span><\/p>\n<h3><b>Produktbeskrivning<\/b><\/h3>\n<p><span style=\"font-weight: 400;\">N\u00e4r<\/span> <b>r\u00e5, ekologisk multiflower-honung<\/b> <span style=\"font-weight: 400;\">m\u00f6ter de otroliga f\u00f6rdelarna med<\/span> <b>r\u00e5 ECO havtornblir<\/b> <span style=\"font-weight: 400;\">resultatet inget mindre \u00e4n ett naturligt mirakel:<\/span> <b>Melinis Havtorn Kr\u00e4mig spridning<\/b><span style=\"font-weight: 400;\">. Denna lyxiga blandning kombinerar 50 % organisk flerblommig honung och 50 % organisk r\u00e5 havtornsmassa f\u00f6r att skapa en j\u00e4mn, kr\u00e4mig konsistens och en raffinerad syrlig smak. Genom att   <\/span><b>anv\u00e4nda en unik kallbearbetningsmetod<\/b><span style=\"font-weight: 400;\"> torkas blandningen av honung och havtorn<\/span> <b>f\u00f6rsiktigt tillsammans vid temperaturer under 38\u00b0C<\/b>,<span style=\"font-weight: 400;\"> och beh\u00e5ller alla naturliga n\u00e4rings\u00e4mnen och smaker.<\/span><\/p>\n<p><span style=\"font-weight: 400;\">Havtorn, k\u00e4nt i \u00e5rhundraden som ett kraftverk av n\u00e4rings\u00e4mnen och h\u00e4lsof\u00f6rdelar, passar perfekt med honung f\u00f6r att skapa ett m\u00e5ngsidigt, immunf\u00f6rst\u00e4rkande botemedel. Detta hantverksm\u00e4ssiga p\u00e5l\u00e4gg \u00e4r fullpackat med vitaminer, mineraler och antioxidanter och \u00e4r ett naturligt s\u00e4tt att st\u00f6dja din h\u00e4lsa samtidigt som du njuter av en h\u00e4rlig smak. <\/span><\/p>\n<h3><b>F\u00f6rslag p\u00e5 anv\u00e4ndning:<\/b><\/h3>\n<p><span style=\"font-weight: 400;\">Njut av<\/span> <b>Melinis Havtorn Kr\u00e4mig<\/b> <b>uppslag<\/b><span style=\"font-weight: 400;\"> p\u00e5 rostat br\u00f6d, pannkakor eller v\u00e5fflor, eller r\u00f6r ner den i yoghurt f\u00f6r ett n\u00e4ringsrikt mellanm\u00e5l. Den syrligt s\u00f6ta smaken passar ocks\u00e5 utm\u00e4rkt i smoothies, parfaiter eller som topping p\u00e5 desserter. Tack vare dess naturliga egenskaper \u00e4r det perfekt som en h\u00e4lsosam behandling direkt fr\u00e5n burken.  <\/span><\/p>\n<p><b>Varf\u00f6r v\u00e4lja<\/b> <b>Melinis Havtorn<\/b> <b>Kr\u00e4m?<\/b><\/p>\n<p><span style=\"font-weight: 400;\">Havtorn \u00e4r en s\u00e4llsynt superfood som inneh\u00e5ller betydligt mer C-vitamin och antioxidanter \u00e4n m\u00e5nga vanliga frukter. I kombination med r\u00e5, ekologisk vildblomshonung och tillverkad med en unik kallbearbetningsmetod blir det ett n\u00e4ringsrikt, smakrikt p\u00e5l\u00e4gg som \u00e4r utformat f\u00f6r att \u00f6ka din h\u00e4lsa p\u00e5 ett naturligt s\u00e4tt. <\/span><\/p>\n<h3><b>S\u00e4kerhet<\/b><\/h3>\n<p><span style=\"font-weight: 400;\">Eftersom vi anv\u00e4nder r\u00e5 honung rekommenderas den inte f\u00f6r barn under 12 m\u00e5nader. <\/span><\/p>\n<h3><b>Instruktioner f\u00f6r f\u00f6rvaring<\/b><span style=\"font-weight: 400;\">:<\/span><\/h3>\n<p><span style=\"font-weight: 400;\">F\u00f6rvaras, \u00e4ven efter \u00f6ppnandet, svalt, torrt och skyddat fr\u00e5n direkt solljus i temperaturer mellan 18-25\u00b0C. Det \u00e4r inte n\u00f6dv\u00e4ndigt att f\u00f6rvara den i kylsk\u00e5p. <\/span><\/p>\n<h3><b>Ursprung och h\u00e5llbarhet<\/b><span style=\"font-weight: 400;\">:<\/span><\/h3>\n<p><span style=\"font-weight: 400;\">Melinis Wild Cranberries \u00e4r exklusivt producerad i Rum\u00e4nien och st\u00f6djer lokala ekologiska biodlare och h\u00e5llbar sk\u00f6rd av vilda tranb\u00e4r. Varje burk tillverkas med omsorg, i sm\u00e5 partier, f\u00f6r att bevara renheten och kvaliteten hos varje ingrediens. <\/span><\/p>\n","protected":false},"excerpt":{"rendered":"<p><span style=\"font-weight: 400;\">Kr\u00e4migt bredbart p\u00e5l\u00e4gg, 230 g &#8211; Unik kallbearbetad delikatess, antioxidanter, inga konserveringsmedel, rik p\u00e5 n\u00e4rings\u00e4mnen, sammetslen konsistens &#8211; Fr\u00e5n Melinis<\/p>\n<p><\/span><span style=\"font-weight: 400;\">Ekologisk multiflowerhonung* 50%, ekologisk r\u00e5 havtornsmassa* 50%<\/p>\n<p><\/span>*<span style=\"font-weight: 400;\">fr\u00e5n Rum\u00e4nien<\/span><\/p>\n","protected":false},"featured_media":26131,"comment_status":"open","ping_status":"closed","template":"","meta":[],"product_brand":[],"product_cat":[1200],"product_tag":[],"class_list":{"0":"post-26212","1":"product","2":"type-product","3":"status-publish","4":"has-post-thumbnail","6":"product_cat-melinis-sv","8":"first","9":"instock","10":"shipping-taxable","11":"purchasable","12":"product-type-simple"},"_links":{"self":[{"href":"https:\/\/praxistrade.eu\/sv\/wp-json\/wp\/v2\/product\/26212","targetHints":{"allow":["GET"]}}],"collection":[{"href":"https:\/\/praxistrade.eu\/sv\/wp-json\/wp\/v2\/product"}],"about":[{"href":"https:\/\/praxistrade.eu\/sv\/wp-json\/wp\/v2\/types\/product"}],"replies":[{"embeddable":true,"href":"https:\/\/praxistrade.eu\/sv\/wp-json\/wp\/v2\/comments?post=26212"}],"wp:featuredmedia":[{"embeddable":true,"href":"https:\/\/praxistrade.eu\/sv\/wp-json\/wp\/v2\/media\/26131"}],"wp:attachment":[{"href":"https:\/\/praxistrade.eu\/sv\/wp-json\/wp\/v2\/media?parent=26212"}],"wp:term":[{"taxonomy":"product_brand","embeddable":true,"href":"https:\/\/praxistrade.eu\/sv\/wp-json\/wp\/v2\/product_brand?post=26212"},{"taxonomy":"product_cat","embeddable":true,"href":"https:\/\/praxistrade.eu\/sv\/wp-json\/wp\/v2\/product_cat?post=26212"},{"taxonomy":"product_tag","embeddable":true,"href":"https:\/\/praxistrade.eu\/sv\/wp-json\/wp\/v2\/product_tag?post=26212"}],"curies":[{"name":"wp","href":"https:\/\/api.w.org\/{rel}","templated":true}]}}